{"id":2589,"date":"2025-06-18T18:37:25","date_gmt":"2025-06-18T18:37:25","guid":{"rendered":"http:\/\/adoresilk.ee\/toode\/vina-sarkana-zida-kleita-ar-skelumu-ieprieks-pasutita\/"},"modified":"2025-06-18T18:37:25","modified_gmt":"2025-06-18T18:37:25","slug":"vina-sarkana-zida-kleita-ar-skelumu-ieprieks-pasutita","status":"publish","type":"product","link":"https:\/\/adoresilk.ee\/lv\/lv\/vina-sarkana-zida-kleita-ar-skelumu-ieprieks-pasutita\/","title":{"rendered":"V\u012bna sarkan\u0101 z\u012bda kleita ar \u0161\u0137\u0113lumu iepriek\u0161 pas\u016bt\u012bta"},"content":{"rendered":"<p data-start=\"692\" data-end=\"705\"><strong data-start=\"692\" data-end=\"705\">Funkcijas:<\/strong><\/p>\n<ul data-start=\"706\" data-end=\"940\">\n<li data-start=\"706\" data-end=\"752\">\n<p data-start=\"708\" data-end=\"752\">100% 19 momme Mulberry z\u012bds<\/p>\n<\/li>\n<li data-start=\"753\" data-end=\"804\">\n<p data-start=\"755\" data-end=\"804\">\u0100dai draudz\u012bgs, elpojo\u0161s un temperat\u016bru regul\u0113jo\u0161s<\/p>\n<\/li>\n<li data-start=\"805\" data-end=\"853\">\n<p data-start=\"807\" data-end=\"853\">Hipoaler\u0123isks &#8211; ide\u0101li piem\u0113rots jut\u012bgai \u0101dai<\/p>\n<\/li>\n<li data-start=\"854\" data-end=\"893\">\n<p data-start=\"856\" data-end=\"893\">Grezns sp\u012bdums un z\u012bdaina maigums<\/p>\n<\/li>\n<li data-start=\"894\" data-end=\"940\">\n<p data-start=\"896\" data-end=\"940\">Piem\u0113rots k\u0101 vakarkleita vai k\u0101 kleita, ko valk\u0101t kop\u0101 ar \u017eaketi.<\/p>\n<\/li>\n<li data-start=\"894\" data-end=\"940\">Regul\u0113jamas plecu siksnas, \u0161\u0137\u0113lums s\u0101nos<\/li>\n<\/ul>\n<p data-start=\"942\" data-end=\"1079\"><strong data-start=\"942\" data-end=\"954\">Kop\u0161ana:<\/strong> mazg\u0101t ar rok\u0101m aukst\u0101 \u016bden\u012b ar z\u012bda mazg\u0101\u0161anas l\u012bdzekli. \u017d\u0101v\u0113jiet uz l\u012bdzenas virsmas vai ve\u013cas auklas, \u0101rpus tie\u0161iem saules stariem. Ap\u0123\u0113rbu var gludin\u0101t maigi z\u012bda programm\u0101 zem\u0101 temperat\u016br\u0101, lai atjaunotu z\u012bda ap\u0123\u0113rba s\u0101kotn\u0113jo sp\u012bdumu. Z\u012bda materi\u0101ls ir viegli saburz\u0101ms.   <\/p>\n","protected":false},"excerpt":{"rendered":"<div class=\"woocommerce-product-details__short-description\">\n<div class=\"woocommerce-product-details__short-description\">\n<p data-start=\"84\" data-end=\"138\"><strong data-start=\"84\" data-end=\"138\">Grezn\u0101 z\u012bda kleita ir izgatavota no <\/strong><strong data-start=\"84\" data-end=\"138\">100% z\u012bdkoka.<\/strong><\/p>\n<p data-start=\"84\" data-end=\"138\">Z\u012bda kleita ir izgatavota p\u0113c pas\u016bt\u012bjuma. Pieg\u0101des laiks aptuveni 3 ned\u0113\u013cas. <\/p>\n<p data-start=\"140\" data-end=\"343\">Atkl\u0101jiet m\u016b\u017e\u012bgo eleganci ar m\u016bsu z\u012bda kleitu, kas izgatavota no 100% augst\u0101k\u0101s kvalit\u0101tes z\u012bdkoka Mulberry (19 momme). Kleita maigi p\u0101rkl\u0101j \u0137ermeni, nodro\u0161inot maksim\u0101lu komfortu un sievi\u0161\u0137\u012bgu eleganci ik uz so\u013ca. <\/p>\n<p data-start=\"345\" data-end=\"561\">Regul\u0113jamas plecu siksni\u0146as nodro\u0161ina ide\u0101lu piegulumu, \u013caujot kleitu piel\u0101got p\u0113c sav\u0101m v\u0113lm\u0113m. \u0160\u012b kleita ir ide\u0101li piem\u0113rota gan m\u0101jas grezn\u012bbai, gan \u012bpa\u0161iem gad\u012bjumiem, un t\u0101 ir rad\u012bta, lai izceltu j\u016bsu dabisko skaistumu. Kleitas garums ir 160 cm, t\u0101p\u0113c t\u0101 ir piem\u0113rota gan sieviet\u0113m ar maz\u0101ku, gan liel\u0101ku kr\u016btis izm\u0113ru, jo ir slaid\u0101ka. Bordo kr\u0101sas kleitai ir \u0161\u0137\u0113lums.   <\/p>\n<p data-start=\"345\" data-end=\"561\">Modele valk\u0101 izm\u0113ru S\/M<\/p>\n<\/div>\n<div class=\"ct-product-add-to-cart\"><\/div>\n<\/div>\n<div class=\"ct-product-add-to-cart\"><\/div>\n","protected":false},"featured_media":2725,"comment_status":"open","ping_status":"closed","template":"","meta":{"_gspb_post_css":""},"product_brand":[],"product_cat":[234],"product_tag":[255,235,254],"class_list":{"0":"post-2589","1":"product","2":"type-product","3":"status-publish","4":"has-post-thumbnail","6":"product_cat-zida-kleitas","7":"product_tag-mulberry-zida-kleita","8":"product_tag-zida-kleita","9":"product_tag-zida-kleita-lv-2","11":"first","12":"instock","13":"sale","14":"shipping-taxable","15":"purchasable","16":"product-type-variable"},"_links":{"self":[{"href":"https:\/\/adoresilk.ee\/lv\/wp-json\/wp\/v2\/product\/2589","targetHints":{"allow":["GET"]}}],"collection":[{"href":"https:\/\/adoresilk.ee\/lv\/wp-json\/wp\/v2\/product"}],"about":[{"href":"https:\/\/adoresilk.ee\/lv\/wp-json\/wp\/v2\/types\/product"}],"replies":[{"embeddable":true,"href":"https:\/\/adoresilk.ee\/lv\/wp-json\/wp\/v2\/comments?post=2589"}],"wp:featuredmedia":[{"embeddable":true,"href":"https:\/\/adoresilk.ee\/lv\/wp-json\/wp\/v2\/media\/2725"}],"wp:attachment":[{"href":"https:\/\/adoresilk.ee\/lv\/wp-json\/wp\/v2\/media?parent=2589"}],"wp:term":[{"taxonomy":"product_brand","embeddable":true,"href":"https:\/\/adoresilk.ee\/lv\/wp-json\/wp\/v2\/product_brand?post=2589"},{"taxonomy":"product_cat","embeddable":true,"href":"https:\/\/adoresilk.ee\/lv\/wp-json\/wp\/v2\/product_cat?post=2589"},{"taxonomy":"product_tag","embeddable":true,"href":"https:\/\/adoresilk.ee\/lv\/wp-json\/wp\/v2\/product_tag?post=2589"}],"curies":[{"name":"wp","href":"https:\/\/api.w.org\/{rel}","templated":true}]}}