{"id":1530,"date":"2025-05-17T10:40:18","date_gmt":"2025-05-17T07:40:18","guid":{"rendered":"http:\/\/adoresilk.ee\/pardosanas-noteikumi\/"},"modified":"2025-05-22T10:50:40","modified_gmt":"2025-05-22T10:50:40","slug":"pardosanas-noteikumi","status":"publish","type":"page","link":"https:\/\/adoresilk.ee\/lv\/pardosanas-noteikumi\/","title":{"rendered":"P\u0101rdo\u0161anas noteikumi"},"content":{"rendered":"\n<div class=\"wp-block-greenshift-blocks-container gspb_container gspb_container-gsbp-1d2f3f0\" id=\"gspb_container-id-gsbp-1d2f3f0\">\n<h2 id=\"gspb_heading-id-gsbp-3044def\" class=\"gspb_heading gspb_heading-id-gsbp-3044def \">P\u0101rdo\u0161anas noteikumi<\/h2>\n\n\n\n<div id=\"gspb_text-id-gsbp-2f50e2f\" class=\"gspb_text gspb_text-id-gsbp-2f50e2f \"><p data-start=\"115\" data-end=\"270\">Interneta veikala adoresilk.ee (turpm\u0101k \u2013 Interneta veikals) \u012bpa\u0161nieks ir Adoresilk O\u00dc (re\u0123istr\u0101cijas numurs 16093340), adrese: P\u00f6\u00f6rise 16-80, Tallina.<\/p><br\/><p data-start=\"272\" data-end=\"334\"><strong>P\u0101rdo\u0161anas l\u012bguma sp\u0113k\u0101 esam\u012bba, pre\u010du un cenu inform\u0101cija<\/strong><\/p><br\/><p data-start=\"336\" data-end=\"766\">P\u0101rdo\u0161anas noteikumi attiecas uz pre\u010du ieg\u0101di Interneta veikal\u0101. Pre\u010du cenas ir nor\u0101d\u012btas pie katras preces. Cenai tiek pievienotas pieg\u0101des izmaksas. Visas cenas ir nor\u0101d\u012btas eiro ar PVN. Pieg\u0101des izmaksas ir atkar\u012bgas no pirc\u0113ja atra\u0161an\u0101s vietas un izv\u0113l\u0113t\u0101 pieg\u0101des veida. Pieg\u0101des izmaksas tiek par\u0101d\u012btas pirc\u0113jam pas\u016bt\u012bjuma noform\u0113\u0161anas laik\u0101. Inform\u0101cija par prec\u0113m ir nor\u0101d\u012bta tie\u0161i pie attiec\u012bg\u0101s preces Interneta veikal\u0101.<\/p><br\/><p data-start=\"768\" data-end=\"794\"><strong>Pas\u016bt\u012bjuma noform\u0113\u0161ana<\/strong><\/p><br\/><p data-start=\"796\" data-end=\"1118\">Lai veiktu pas\u016bt\u012bjumu, Klients izv\u0113las piem\u0113rotu preci un izm\u0113ru Interneta veikal\u0101 adoresilk.ee un pievieno to iepirkumu grozam. Pas\u016bt\u012bjuma noform\u0113\u0161anai j\u0101aizpilda nepiecie\u0161amie lauki un j\u0101izv\u0113las piem\u0113rots pieg\u0101des veids. P\u0113c tam tiek par\u0101d\u012bta maks\u0101jam\u0101 summa, kuru var dro\u0161i apmaks\u0101t, izmantojot \u0161\u0101das maks\u0101jumu metodes:<\/p><br\/><p data-start=\"1120\" data-end=\"1317\">\u2013 Bankas p\u0101rskait\u012bjums<br data-start=\"1142\" data-end=\"1145\"\/>\u2013 Igaunijas banku saites: Swedbank, SEB, Luminor, LHV, Coop Pank<br data-start=\"1209\" data-end=\"1212\"\/><strong data-start=\"1212\" data-end=\"1224\">Piez\u012bme!<\/strong> Maks\u0101jot caur bankas saiti, noteikti j\u0101nospie\u017e poga &#8220;Atgriezties pie tirgot\u0101ja&#8221; bankas lap\u0101.<\/p><br\/><p data-start=\"1319\" data-end=\"1635\">Maks\u0101jumus apstr\u0101d\u0101 Maksekeskus AS. Maks\u0101jumi tiek veikti dro\u0161\u0101 vid\u0113 \u0101rpus Interneta veikala \u2013 maks\u0101jot caur bankas saiti, attiec\u012bg\u0101s bankas dro\u0161aj\u0101 vid\u0113. P\u0101rdev\u0113jam nav piek\u013cuves klienta bankas vai kred\u012btkartes datiem. L\u012bgums st\u0101jas sp\u0113k\u0101 no br\u012b\u017ea, kad maks\u0101juma summa tiek sa\u0146emta Interneta veikala nor\u0113\u0137inu kont\u0101.<\/p><br\/><p data-start=\"1637\" data-end=\"1792\">Interneta veikala \u012bpa\u0161nieks ir personas datu p\u0101rzinis un nodod maks\u0101jumu veik\u0161anai nepiecie\u0161amos personas datus pilnvarotajam apstr\u0101d\u0101t\u0101jam Maksekeskus AS.<\/p><br\/><p data-start=\"1794\" data-end=\"2189\">Pirkuma-p\u0101rdo\u0161anas l\u012bgums tiek uzskat\u012bts par nosl\u0113gtu un pas\u016bt\u012bjuma izpilde tiek uzs\u0101kta, kad Klients ir piln\u012bb\u0101 samaks\u0101jis par preci. Ja pas\u016bt\u012bto preci nav iesp\u0113jams pieg\u0101d\u0101t preces izbeig\u0161an\u0101s vai cita iemesla d\u0113\u013c, pirc\u0113js tiek inform\u0113ts p\u0113c iesp\u0113jas \u0101tr\u0101k, un samaks\u0101t\u0101 nauda (ieskaitot pieg\u0101des izmaksas) tiek nekav\u0113joties atgriezta, bet ne v\u0113l\u0101k k\u0101 14 dienu laik\u0101 no pazi\u0146ojuma nos\u016bt\u012b\u0161anas.<\/p><br\/><p data-start=\"2191\" data-end=\"2213\"><strong>Pieg\u0101des noteikumi<\/strong><\/p><br\/><p data-start=\"2215\" data-end=\"2432\">Preces tiek pieg\u0101d\u0101tas uz \u0161\u0101du valsti: Igaunija. Pirc\u0113jam ir \u0161\u0101das pieg\u0101des iesp\u0113jas: Itella Estonia O\u00dc un Omniva AS pakom\u0101ti. Standarta pieg\u0101des laiks ir 2\u20133 darba dienas, maksim\u0101lais pieg\u0101des laiks \u2013 5 darba dienas.<\/p><br\/><p data-start=\"2434\" data-end=\"2454\"><strong>Pre\u010du atgrie\u0161ana<\/strong><\/p><br\/><p data-start=\"2456\" data-end=\"2825\">Ja k\u0101da iemesla d\u0113\u013c neesat apmierin\u0101ts ar Adore Silk produktiem un v\u0113laties tos atgriezt, to var izdar\u012bt 14 dienu laik\u0101 p\u0113c pas\u016bt\u012bjuma sa\u0146em\u0161anas! Adore Silk nepie\u0146em atgrie\u0161anas piepras\u012bjumus, kas veikti v\u0113l\u0101k nek\u0101 14 dienas p\u0113c preces sa\u0146em\u0161anas. Atgriezt var tikai ori\u0123in\u0101laj\u0101 iepakojum\u0101 un nelietotas preces. Atteikuma ties\u012bbas neattiecas uz klienta boj\u0101t\u0101m prec\u0113m.<\/p><br\/><p data-start=\"2827\" data-end=\"3170\">Lai atgrieztu preci, 14 dienu laik\u0101 p\u0113c sa\u0146em\u0161anas j\u0101iesniedz br\u012bv\u0101 form\u0101 rakst\u012bts atgrie\u0161anas pazi\u0146ojums uz e-pastu <strong data-start=\"2944\" data-end=\"2967\"><a class=\"cursor-pointer\" rel=\"noopener\" data-start=\"2946\" data-end=\"2965\">adoresiid@gmail.com<\/a><\/strong>. Pazi\u0146ojum\u0101 j\u0101nor\u0101da klienta v\u0101rds un pas\u016bt\u012bjuma numurs. B\u016bsim pateic\u012bgi, ja nor\u0101d\u012bsiet ar\u012b atgrie\u0161anas iemeslu. P\u0113c pazi\u0146ojuma sa\u0146em\u0161anas nos\u016bt\u012bsim klientam nepiecie\u0161amo inform\u0101ciju preces atgrie\u0161anai.<\/p><br\/><p data-start=\"3172\" data-end=\"3541\">Preci var atgriezt, izv\u0113loties sev piem\u0113rotu pakom\u0101tu. Preces atgrie\u0161anas izmaksas sedz pirc\u0113js, iz\u0146emot gad\u012bjumus, kad atgrie\u0161anas iemesls ir tas, ka atgrie\u017eam\u0101 prece neatbilst pas\u016bt\u012btajai (piem\u0113ram, nepareiza vai ar defektu). Pirc\u0113jam j\u0101atgrie\u017e prece 14 dienu laik\u0101 p\u0113c pazi\u0146ojuma iesnieg\u0161anas vai j\u0101iesniedz pier\u0101d\u012bjums, ka prece \u0161aj\u0101 period\u0101 ir nodota p\u0101rvad\u0101t\u0101jam.<\/p><br\/><p data-start=\"3543\" data-end=\"3756\">Interneta veikals p\u0113c atgriezt\u0101s preces sa\u0146em\u0161anas nekav\u0113joties, bet ne v\u0113l\u0101k k\u0101 14 dienu laik\u0101 no atteikuma pazi\u0146ojuma sa\u0146em\u0161anas, atgrie\u017e pirc\u0113jam visus no l\u012bguma sa\u0146emtos maks\u0101jumus (iz\u0146emot pieg\u0101des izmaksas).<\/p><\/div>\n<\/div>\n","protected":false},"excerpt":{"rendered":"","protected":false},"author":2,"featured_media":1284,"parent":0,"menu_order":0,"comment_status":"closed","ping_status":"open","template":"","meta":{"_gspb_post_css":".gspb_container-id-gsbp-1d2f3f0{flex-direction:column;box-sizing:border-box}#gspb_container-id-gsbp-1d2f3f0.gspb_container>p:last-of-type{margin-bottom:0}#gspb_container-id-gsbp-1d2f3f0.gspb_container{position:relative;padding:20px}@media (max-width:575.98px){#gspb_container-id-gsbp-1d2f3f0.gspb_container{padding:10px}}#gspb_heading-id-gsbp-3044def,.gspb_text-id-gsbp-2f50e2f{font-family:ct_font_neue__haas,sans-serif;font-weight:500!important;color:#000}#gspb_heading-id-gsbp-3044def{font-size:30px;line-height:30px;text-align:left!important;margin:0}#gspb_heading-id-gsbp-3044def .gsap-g-line{text-align:left!important}.gspb_text-id-gsbp-2f50e2f{font-size:15px;line-height:22px;margin-top:15px!important}","footnotes":""},"class_list":["post-1530","page","type-page","status-publish","has-post-thumbnail","hentry"],"blocksy_meta":{"has_hero_section":"disabled","styles_descriptor":{"styles":{"desktop":"","tablet":"","mobile":""},"google_fonts":[],"version":6}},"_links":{"self":[{"href":"https:\/\/adoresilk.ee\/lv\/wp-json\/wp\/v2\/pages\/1530","targetHints":{"allow":["GET"]}}],"collection":[{"href":"https:\/\/adoresilk.ee\/lv\/wp-json\/wp\/v2\/pages"}],"about":[{"href":"https:\/\/adoresilk.ee\/lv\/wp-json\/wp\/v2\/types\/page"}],"author":[{"embeddable":true,"href":"https:\/\/adoresilk.ee\/lv\/wp-json\/wp\/v2\/users\/2"}],"replies":[{"embeddable":true,"href":"https:\/\/adoresilk.ee\/lv\/wp-json\/wp\/v2\/comments?post=1530"}],"version-history":[{"count":1,"href":"https:\/\/adoresilk.ee\/lv\/wp-json\/wp\/v2\/pages\/1530\/revisions"}],"predecessor-version":[{"id":1531,"href":"https:\/\/adoresilk.ee\/lv\/wp-json\/wp\/v2\/pages\/1530\/revisions\/1531"}],"wp:featuredmedia":[{"embeddable":true,"href":"https:\/\/adoresilk.ee\/lv\/wp-json\/wp\/v2\/media\/1284"}],"wp:attachment":[{"href":"https:\/\/adoresilk.ee\/lv\/wp-json\/wp\/v2\/media?parent=1530"}],"curies":[{"name":"wp","href":"https:\/\/api.w.org\/{rel}","templated":true}]}}