{"id":1518,"date":"2025-05-18T20:06:48","date_gmt":"2025-05-18T17:06:48","guid":{"rendered":"http:\/\/adoresilk.ee\/privatuma-noteikumi\/"},"modified":"2025-05-22T10:40:06","modified_gmt":"2025-05-22T10:40:06","slug":"privatuma-noteikumi","status":"publish","type":"page","link":"https:\/\/adoresilk.ee\/lv\/privatuma-noteikumi\/","title":{"rendered":"Priv\u0101tuma noteikumi"},"content":{"rendered":"\n<div class=\"wp-block-greenshift-blocks-container gspb_container gspb_container-gsbp-1d2f3f0\" id=\"gspb_container-id-gsbp-1d2f3f0\">\n<h2 id=\"gspb_heading-id-gsbp-3044def\" class=\"gspb_heading gspb_heading-id-gsbp-3044def \">Priv\u0101tuma noteikumi<\/h2>\n\n\n\n<div id=\"gspb_text-id-gsbp-2f50e2f\" class=\"gspb_text gspb_text-id-gsbp-2f50e2f \"><p data-start=\"64\" data-end=\"150\"><strong data-start=\"64\" data-end=\"101\">Personas datu apstr\u0101des p\u0101rzinis:<\/strong><br data-start=\"101\" data-end=\"104\"\/>AdoreSilk O\u00dc, P\u00f6\u00f6rise 16-80, Tallina, Igaunija<\/p><br\/><p data-start=\"152\" data-end=\"186\"><strong>1. Personas datu aizsardz\u012bba<\/strong><\/p><br\/><p data-start=\"187\" data-end=\"824\">Personas dati ir inform\u0101cija, ko <strong data-start=\"220\" data-end=\"234\">Adore Silk<\/strong> v\u0101c, lai sniegtu pakalpojumus, identific\u0113tu personu, sazin\u0101tos ar vi\u0146u vai atrisin\u0101tu radu\u0161\u0101s jaut\u0101jumus.<br data-start=\"340\" data-end=\"343\"\/><strong data-start=\"343\" data-end=\"357\">Adore Silk<\/strong> ap\u0146emas aizsarg\u0101t klientu un lietot\u0101ju personas datus un priv\u0101tumu. M\u016bsu tie\u0161saistes darb\u012bba atbilst visiem attiec\u012bgajiem nozares ties\u012bbu aktiem, Eiropas Savien\u012bbas ties\u012bbu aktiem, tostarp Eiropas Parlamenta un Padomes Regulai (ES) 2016\/679.<br data-start=\"599\" data-end=\"602\"\/><strong data-start=\"602\" data-end=\"616\">Adore Silk<\/strong> veic visus nepiecie\u0161amos piesardz\u012bbas pas\u0101kumus (tostarp administrat\u012bvos, tehniskos un fiziskos), lai aizsarg\u0101tu sav\u0101ktos personas datus. Tikai pilnvarot\u0101m person\u0101m ir piek\u013cuve datu redi\u0123\u0113\u0161anai un apstr\u0101dei.<\/p><br\/><p data-start=\"826\" data-end=\"847\"><strong>2. Datu dro\u0161\u012bba<\/strong><\/p><br\/><p data-start=\"848\" data-end=\"1313\">Visi personas dati, kas ieg\u016bti veicot pirkumus <strong data-start=\"895\" data-end=\"909\">Adore Silk<\/strong> m\u0101jaslap\u0101 un klientu p\u0101rvald\u012bbas sist\u0113m\u0101, tiek apstr\u0101d\u0101ti k\u0101 konfidenci\u0101li.<br data-start=\"985\" data-end=\"988\"\/>Bankas savienojumu \u0161ifr\u0113\u0161ana nodro\u0161ina pirc\u0113ja personas datu un maks\u0101jumu inform\u0101cijas dro\u0161\u012bbu.<br data-start=\"1083\" data-end=\"1086\"\/><strong data-start=\"1086\" data-end=\"1100\">Adore Silk<\/strong> izmanto visus dro\u0161\u012bbas pas\u0101kumus (fiziskus, IT un organizatoriskus), lai aizsarg\u0101tu apstr\u0101d\u0101jamos personas datus. Tikai pilnvarot\u0101m person\u0101m ir piek\u013cuve datiem, un visi klientu dati tiek apstr\u0101d\u0101ti konfidenci\u0101li.<\/p><br\/><p data-start=\"1315\" data-end=\"1351\"><strong>3. K\u0101du inform\u0101ciju m\u0113s v\u0101cam?<\/strong><\/p><br\/><p data-start=\"1352\" data-end=\"1379\">M\u0113s v\u0101cam \u0161\u0101du inform\u0101ciju:<\/p><br\/><br\/><ul data-start=\"1380\" data-end=\"1707\">&#13;\n \t<li data-start=\"1380\" data-end=\"1563\">&#13;\n<p data-start=\"1382\" data-end=\"1563\">Dati, ko lietot\u0101js sniedz, re\u0123istr\u0113joties k\u0101 past\u0101v\u012bgais klients vai k\u0101 e-veikala lietot\u0101js (piem\u0113ram, v\u0101rds, uzv\u0101rds, personas kods, e-pasta adrese, pasta adrese, pirkumu v\u0113sture);<\/p>&#13;\n<\/li>&#13;\n \t<li data-start=\"1564\" data-end=\"1645\">&#13;\n<p data-start=\"1566\" data-end=\"1645\">Dati, ko lietot\u0101js sniedz veicot pas\u016bt\u012bjumus vai pieprasot e-pasta pazi\u0146ojumus;<\/p>&#13;\n<\/li>&#13;\n \t<li data-start=\"1646\" data-end=\"1707\">&#13;\n<p data-start=\"1648\" data-end=\"1707\">Cita inform\u0101cija, ko lietot\u0101js ievada Adore Silk m\u0101jaslap\u0101.<\/p>&#13;\n<\/li>&#13;\n<\/ul><br\/><p data-start=\"1709\" data-end=\"1765\">Apciemojot e-veikalu, tiek apkopota anon\u012bma inform\u0101cija:<\/p><br\/><br\/><ul data-start=\"1766\" data-end=\"2227\">&#13;\n \t<li data-start=\"1766\" data-end=\"2025\">&#13;\n<p data-start=\"1768\" data-end=\"2025\">Inform\u0101cija par m\u0101jaslapas lieto\u0161anu (piem\u0113ram, IP adrese, \u0123eogr\u0101fisk\u0101 atra\u0161an\u0101s vieta, p\u0101rl\u016bkprogrammas veids un versija, oper\u0113t\u0101jsist\u0113ma, atsauces avots, apmekl\u0113juma ilgums, lapu skat\u012bjumi, navig\u0101cija m\u0101jaslap\u0101, datums un laiks, k\u0101 ar\u012b cita statistika);<\/p>&#13;\n<\/li>&#13;\n \t<li data-start=\"2026\" data-end=\"2142\">&#13;\n<p data-start=\"2028\" data-end=\"2142\">M\u0113s izmantojam tre\u0161o pu\u0161u r\u012bkus, piem\u0113ram, Google Analytics, Hotjar, Meta Pixel, lai v\u0101ktu un analiz\u0113tu \u0161os datus;<\/p>&#13;\n<\/li>&#13;\n \t<li data-start=\"2143\" data-end=\"2227\">&#13;\n<p data-start=\"2145\" data-end=\"2227\">Dati tiek izmantoti m\u0101jaslapas uzlabo\u0161anai un lieto\u0161anas pieredzes pilnveido\u0161anai.<\/p>&#13;\n<\/li>&#13;\n<\/ul><br\/><p data-start=\"2229\" data-end=\"2403\">Juridisko personu datu apstr\u0101dei tiek v\u0101kti: uz\u0146\u0113muma nosaukums, re\u0123istr\u0101cijas numurs, PVN numurs, adrese, e-pasta adreses, kontaktpersonu v\u0101rdi, e-pasti un t\u0101lru\u0146u numuri.<\/p><br\/><p data-start=\"2405\" data-end=\"2563\">Maks\u0101jumu apstr\u0101di veic <strong data-start=\"2429\" data-end=\"2447\">Maksekeskus AS<\/strong>, kas darbojas k\u0101 neatkar\u012bgs datu p\u0101rzinis un nodod <strong data-start=\"2499\" data-end=\"2513\">Adore Silk<\/strong> tikai inform\u0101ciju par veiksm\u012bgi veiktu maks\u0101jumu.<\/p><br\/><p data-start=\"2565\" data-end=\"2599\"><strong>4. Personas datu izmanto\u0161ana<\/strong><\/p><br\/><p data-start=\"2600\" data-end=\"2663\"><strong data-start=\"2600\" data-end=\"2614\">Adore Silk<\/strong> var izmantot j\u016bsu personas datus \u0161\u0101diem m\u0113r\u0137iem:<\/p><br\/><br\/><ul data-start=\"2664\" data-end=\"3134\">&#13;\n \t<li data-start=\"2664\" data-end=\"2701\">&#13;\n<p data-start=\"2666\" data-end=\"2701\">Pirkuma-p\u0101rdo\u0161anas l\u012bguma izpildei;<\/p>&#13;\n<\/li>&#13;\n \t<li data-start=\"2702\" data-end=\"2746\">&#13;\n<p data-start=\"2704\" data-end=\"2746\">E-veikala p\u0101rvald\u012bbai un personaliz\u0113\u0161anai;<\/p>&#13;\n<\/li>&#13;\n \t<li data-start=\"2747\" data-end=\"2798\">&#13;\n<p data-start=\"2749\" data-end=\"2798\">Piek\u013cuves nodro\u0161in\u0101\u0161anai e-veikala pakalpojumiem;<\/p>&#13;\n<\/li>&#13;\n \t<li data-start=\"2799\" data-end=\"2866\">&#13;\n<p data-start=\"2801\" data-end=\"2866\">Ieg\u0101d\u0101to pre\u010du pieg\u0101dei (adreses nodo\u0161ana lo\u0123istikas partneriem);<\/p>&#13;\n<\/li>&#13;\n \t<li data-start=\"2867\" data-end=\"2926\">&#13;\n<p data-start=\"2869\" data-end=\"2926\">Pazi\u0146ojumu un r\u0113\u0137inu nos\u016bt\u012b\u0161anai un maks\u0101jumu sa\u0146em\u0161anai;<\/p>&#13;\n<\/li>&#13;\n \t<li data-start=\"2927\" data-end=\"2972\">&#13;\n<p data-start=\"2929\" data-end=\"2972\">Jaut\u0101jumu, atsauksmju un s\u016bdz\u012bbu apstr\u0101dei;<\/p>&#13;\n<\/li>&#13;\n \t<li data-start=\"2973\" data-end=\"3045\">&#13;\n<p data-start=\"2975\" data-end=\"3045\">Jaunumu, pied\u0101v\u0101jumu un citu interes\u0113jo\u0161u zi\u0146u izs\u016bt\u012b\u0161anai uz e-pastu;<\/p>&#13;\n<\/li>&#13;\n \t<li data-start=\"3046\" data-end=\"3134\">&#13;\n<p data-start=\"3048\" data-end=\"3134\">Pirkumu pieredzes izmanto\u0161anai m\u0101rketinga un p\u0101rdo\u0161anas materi\u0101los ar klienta at\u013cauju.<\/p>&#13;\n<\/li>&#13;\n<\/ul><br\/><p data-start=\"3136\" data-end=\"3175\"><strong>5. Personas datu glab\u0101\u0161anas laiks<\/strong><\/p><br\/><br\/><ul data-start=\"3176\" data-end=\"3466\">&#13;\n \t<li data-start=\"3176\" data-end=\"3242\">&#13;\n<p data-start=\"3178\" data-end=\"3242\">Re\u0123istr\u0113to past\u0101v\u012bgo klientu dati tiek glab\u0101ti nenoteiktu laiku;<\/p>&#13;\n<\/li>&#13;\n \t<li data-start=\"3243\" data-end=\"3312\">&#13;\n<p data-start=\"3245\" data-end=\"3312\">Tehniskie m\u0101jaslapas lieto\u0161anas dati tiek glab\u0101ti nenoteiktu laiku;<\/p>&#13;\n<\/li>&#13;\n \t<li data-start=\"3313\" data-end=\"3466\">&#13;\n<p data-start=\"3315\" data-end=\"3466\">Personas dati, kas ieg\u016bti individu\u0101lu piepras\u012bjumu vai dar\u012bjumu laik\u0101, tiek glab\u0101ti 7 gadus p\u0113c p\u0113d\u0113j\u0101s mijiedarb\u012bbas, iev\u0113rojot gr\u0101matved\u012bbas likumus.<\/p>&#13;\n<\/li>&#13;\n<\/ul><br\/><p data-start=\"3468\" data-end=\"3560\">Mijiedarb\u012bba var ietvert, piem\u0113ram, m\u0101rketinga zi\u0146u atv\u0113r\u0161anu vai uzklik\u0161\u0137in\u0101\u0161anu uz sait\u0113m.<\/p><br\/><p data-start=\"3562\" data-end=\"3596\"><strong>6. Kam var tikt nodoti dati?<\/strong><\/p><br\/><p data-start=\"3597\" data-end=\"3898\"><strong data-start=\"3597\" data-end=\"3611\">Adore Silk<\/strong> ir personas datu p\u0101rzinis. Dati bez lietot\u0101ja piekri\u0161anas var tikt nodoti tikai ties\u012bbu aktos noteiktaj\u0101m iest\u0101d\u0113m (piem\u0113ram, tiesai vai izmekl\u0113\u0161anas iest\u0101d\u0113m).<br data-start=\"3772\" data-end=\"3775\"\/>Klienta dati tiek apstr\u0101d\u0101ti konfidenci\u0101li, un ties\u012bbas uz to apstr\u0101di, nodo\u0161anu vai p\u0101rs\u016bt\u012b\u0161anu ir tikai pa\u0161am klientam.<\/p><br\/><p data-start=\"3900\" data-end=\"4287\"><strong data-start=\"3900\" data-end=\"3914\">Adore Silk<\/strong> p\u0113c klienta piepras\u012bjuma var sniegt tehnisku atbalstu datu apstr\u0101d\u0113, nemainot datu \u012bpa\u0161umties\u012bbas vai p\u0101rzi\u0146a atbild\u012bbu.<br data-start=\"4035\" data-end=\"4038\"\/>Ja klients ir pieteicies lojalit\u0101tes programmai vai jaunumu sa\u0146em\u0161anai un devis piekri\u0161anu, m\u0113s varam nodot e-pasta adresi sadarb\u012bbas partneriem lab\u0101kas apkalpo\u0161anas nodro\u0161in\u0101\u0161anai.<br data-start=\"4219\" data-end=\"4222\"\/>Dati var tikt nodoti \u0161\u0101dam sadarb\u012bbas partnerim: <strong data-start=\"4271\" data-end=\"4286\">Klaviyo Inc<\/strong>.<\/p><br\/><p data-start=\"4289\" data-end=\"4335\"><strong>7. Ties\u012bbas attiec\u012bb\u0101 uz personas datiem<\/strong><\/p><br\/><p data-start=\"4336\" data-end=\"4353\">Jums ir ties\u012bbas:<\/p><br\/><br\/><ul data-start=\"4354\" data-end=\"4952\">&#13;\n \t<li data-start=\"4354\" data-end=\"4431\">&#13;\n<p data-start=\"4356\" data-end=\"4431\">Iepaz\u012bties ar saviem datiem, tos labot un piepras\u012bt apstr\u0101des p\u0101rtrauk\u0161anu;<\/p>&#13;\n<\/li>&#13;\n \t<li data-start=\"4432\" data-end=\"4503\">&#13;\n<p data-start=\"4434\" data-end=\"4503\">Re\u0123istr\u0113ts lietot\u0101js pats var labot savus datus sav\u0101 e-veikala kont\u0101;<\/p>&#13;\n<\/li>&#13;\n \t<li data-start=\"4504\" data-end=\"4644\">&#13;\n<p data-start=\"4506\" data-end=\"4644\">Ja dati nav labojami tie\u0161saist\u0113, varat iesniegt piepras\u012bjumu ar identifik\u0101ciju. Inform\u0101cija tiks izsniegta vai labota 7 darba dienu laik\u0101;<\/p>&#13;\n<\/li>&#13;\n \t<li data-start=\"4645\" data-end=\"4769\">&#13;\n<p data-start=\"4647\" data-end=\"4769\">Varat atteikties no m\u0101rketinga zi\u0146ojumiem, rakstot uz e-pastu <strong data-start=\"4709\" data-end=\"4732\"><a class=\"cursor-pointer\" rel=\"noopener\" data-start=\"4711\" data-end=\"4730\">adoresiid@gmail.com<\/a><\/strong> vai izmantojot saiti e-pasta apak\u0161\u0101;<\/p>&#13;\n<\/li>&#13;\n \t<li data-start=\"4770\" data-end=\"4891\">&#13;\n<p data-start=\"4772\" data-end=\"4891\">Jums ir ties\u012bbas piepras\u012bt datu apstr\u0101des p\u0101rtrauk\u0161anu, dz\u0113\u0161anu vai publisko\u0161anas aizliegumu, ja nav likum\u012bga pamata.<\/p>&#13;\n<\/li>&#13;\n \t<li data-start=\"4892\" data-end=\"4952\">&#13;\n<p data-start=\"4894\" data-end=\"4952\">Rakstisks piepras\u012bjums tiks izskat\u012bts 3 darba dienu laik\u0101.<\/p>&#13;\n<\/li>&#13;\n<\/ul><br\/><p data-start=\"4954\" data-end=\"5118\">Ja jums ir aizdomas, ka j\u016bsu ties\u012bbas ir p\u0101rk\u0101ptas, varat sazin\u0101ties ar <strong data-start=\"5026\" data-end=\"5040\">Adore Silk<\/strong>, Igaunijas Datu aizsardz\u012bbas inspekciju (Andmekaitse Inspektsioon) vai tiesu.<\/p><br\/><p data-start=\"5120\" data-end=\"5170\"><strong>8. Priv\u0101tuma politikas noteikumi un izmai\u0146as<\/strong><\/p><br\/><p data-start=\"5171\" data-end=\"5337\">Izmantojot <strong data-start=\"5182\" data-end=\"5196\">Adore Silk<\/strong> m\u0101jaslapu, j\u016bs piekr\u012btat \u0161iem priv\u0101tuma politikas noteikumiem. M\u0113s paturam ties\u012bbas veikt izmai\u0146as un pazi\u0146ot par t\u0101m iesaist\u012btaj\u0101m pus\u0113m.<\/p><br\/><p data-start=\"5339\" data-end=\"5426\">Jaut\u0101jumu vai neskaidr\u012bbu gad\u012bjum\u0101, l\u016bdzu, rakstiet uz e-pastu: <strong data-start=\"5403\" data-end=\"5426\"><a class=\"cursor-pointer\" rel=\"noopener\" data-start=\"5405\" data-end=\"5424\">adoresiid@gmail.com<\/a><\/strong><\/p><\/div>\n<\/div>\n","protected":false},"excerpt":{"rendered":"","protected":false},"author":2,"featured_media":1284,"parent":0,"menu_order":0,"comment_status":"closed","ping_status":"closed","template":"","meta":{"_gspb_post_css":".gspb_container-id-gsbp-1d2f3f0{flex-direction:column;box-sizing:border-box}#gspb_container-id-gsbp-1d2f3f0.gspb_container>p:last-of-type{margin-bottom:0}#gspb_container-id-gsbp-1d2f3f0.gspb_container{position:relative;padding:20px}@media (max-width:575.98px){#gspb_container-id-gsbp-1d2f3f0.gspb_container{padding:10px}}#gspb_heading-id-gsbp-3044def,.gspb_text-id-gsbp-2f50e2f{font-family:ct_font_neue__haas,sans-serif;font-weight:500!important;color:#000}#gspb_heading-id-gsbp-3044def{font-size:30px;line-height:30px;text-align:left!important;margin:0}#gspb_heading-id-gsbp-3044def .gsap-g-line{text-align:left!important}.gspb_text-id-gsbp-2f50e2f{font-size:15px;line-height:22px;margin-top:15px!important}","footnotes":""},"class_list":["post-1518","page","type-page","status-publish","has-post-thumbnail","hentry"],"blocksy_meta":{"has_hero_section":"disabled","styles_descriptor":{"styles":{"desktop":"","tablet":"","mobile":""},"google_fonts":[],"version":6}},"_links":{"self":[{"href":"https:\/\/adoresilk.ee\/lv\/wp-json\/wp\/v2\/pages\/1518","targetHints":{"allow":["GET"]}}],"collection":[{"href":"https:\/\/adoresilk.ee\/lv\/wp-json\/wp\/v2\/pages"}],"about":[{"href":"https:\/\/adoresilk.ee\/lv\/wp-json\/wp\/v2\/types\/page"}],"author":[{"embeddable":true,"href":"https:\/\/adoresilk.ee\/lv\/wp-json\/wp\/v2\/users\/2"}],"replies":[{"embeddable":true,"href":"https:\/\/adoresilk.ee\/lv\/wp-json\/wp\/v2\/comments?post=1518"}],"version-history":[{"count":1,"href":"https:\/\/adoresilk.ee\/lv\/wp-json\/wp\/v2\/pages\/1518\/revisions"}],"predecessor-version":[{"id":1519,"href":"https:\/\/adoresilk.ee\/lv\/wp-json\/wp\/v2\/pages\/1518\/revisions\/1519"}],"wp:featuredmedia":[{"embeddable":true,"href":"https:\/\/adoresilk.ee\/lv\/wp-json\/wp\/v2\/media\/1284"}],"wp:attachment":[{"href":"https:\/\/adoresilk.ee\/lv\/wp-json\/wp\/v2\/media?parent=1518"}],"curies":[{"name":"wp","href":"https:\/\/api.w.org\/{rel}","templated":true}]}}