{"id":1500,"date":"2025-05-18T20:07:55","date_gmt":"2025-05-18T20:07:55","guid":{"rendered":"http:\/\/adoresilk.ee\/precu-piegade\/"},"modified":"2025-05-22T10:19:50","modified_gmt":"2025-05-22T10:19:50","slug":"precu-piegade","status":"publish","type":"page","link":"https:\/\/adoresilk.ee\/lv\/precu-piegade\/","title":{"rendered":"Pre\u010du pieg\u0101de"},"content":{"rendered":"\n<div class=\"wp-block-greenshift-blocks-container gspb_container gspb_container-gsbp-1d2f3f0\" id=\"gspb_container-id-gsbp-1d2f3f0\">\n<h2 id=\"gspb_heading-id-gsbp-3044def\" class=\"gspb_heading gspb_heading-id-gsbp-3044def \">Pre\u010du pieg\u0101de<\/h2>\n\n\n\n<div id=\"gspb_text-id-gsbp-2f50e2f\" class=\"gspb_text gspb_text-id-gsbp-2f50e2f \"><strong>Pieg\u0101des noteikumi<\/strong><br\/>Preces tiek s\u016bt\u012btas uz \u0161\u0101d\u0101m valst\u012bm: Igaunija, Somija, Latvija, Lietuva<br\/>Pirc\u0113jam ir \u0161\u0101das pre\u010du sa\u0146em\u0161anas iesp\u0113jas: <em>Itella Estonia O\u00dc un Omniva AS pakom\u0101ti.<\/em><br\/>Pre\u010du pieg\u0101des izmaksas sedz pirc\u0113js, un atbilsto\u0161\u0101 cenu inform\u0101cija ir nor\u0101d\u012bta pie pieg\u0101des veida.<br\/>S\u016bt\u012bjumi Igaunijas teritorij\u0101 parasti sasniedz pirc\u0113ja nor\u0101d\u012bto galam\u0113r\u0137i 1-5 darba dienu laik\u0101 no p\u0101rdo\u0161anas l\u012bguma sp\u0113k\u0101 st\u0101\u0161an\u0101s dienas. <br\/>Iz\u0146\u0113muma gad\u012bjumos tiek pie\u0161\u0137irtas ties\u012bbas pieg\u0101d\u0101t preces 30 kalend\u0101ro dienu laik\u0101.<br\/>Ja pirc\u0113ja pas\u016bt\u012bt\u0101s preces nav iesp\u0113jams pieg\u0101d\u0101t l\u012bgum\u0101 noteiktaj\u0101 laik\u0101 vai veid\u0101, pirc\u0113js tiek inform\u0113ts p\u0113c iesp\u0113jas \u0101tr\u0101k un 14 darba dienu laik\u0101 tiek pied\u0101v\u0101ts piem\u0113rots alternat\u012bvs risin\u0101jums vai pirkuma cenas atmaksa.<br\/><br\/>Interneta veikals nav atbild\u012bgs par defektiem, kas rodas p\u0113c tam, kad preces ir pieg\u0101d\u0101tas pirc\u0113jam.<\/div>\n<\/div>\n","protected":false},"excerpt":{"rendered":"","protected":false},"author":2,"featured_media":0,"parent":0,"menu_order":0,"comment_status":"closed","ping_status":"closed","template":"","meta":{"_gspb_post_css":".gspb_container-id-gsbp-1d2f3f0{flex-direction:column;box-sizing:border-box}#gspb_container-id-gsbp-1d2f3f0.gspb_container>p:last-of-type{margin-bottom:0}#gspb_container-id-gsbp-1d2f3f0.gspb_container{position:relative;padding:20px}@media (max-width:575.98px){#gspb_container-id-gsbp-1d2f3f0.gspb_container{padding:10px}}#gspb_heading-id-gsbp-3044def,.gspb_text-id-gsbp-2f50e2f{font-family:ct_font_neue__haas,sans-serif;font-weight:500!important;color:#000}#gspb_heading-id-gsbp-3044def{font-size:30px;line-height:30px;text-align:left!important;margin:0}#gspb_heading-id-gsbp-3044def .gsap-g-line{text-align:left!important}.gspb_text-id-gsbp-2f50e2f{font-size:15px;line-height:22px;margin-top:15px!important}","footnotes":""},"class_list":["post-1500","page","type-page","status-publish","hentry"],"blocksy_meta":{"has_hero_section":"disabled","styles_descriptor":{"styles":{"desktop":"","tablet":"","mobile":""},"google_fonts":[],"version":6}},"_links":{"self":[{"href":"https:\/\/adoresilk.ee\/lv\/wp-json\/wp\/v2\/pages\/1500","targetHints":{"allow":["GET"]}}],"collection":[{"href":"https:\/\/adoresilk.ee\/lv\/wp-json\/wp\/v2\/pages"}],"about":[{"href":"https:\/\/adoresilk.ee\/lv\/wp-json\/wp\/v2\/types\/page"}],"author":[{"embeddable":true,"href":"https:\/\/adoresilk.ee\/lv\/wp-json\/wp\/v2\/users\/2"}],"replies":[{"embeddable":true,"href":"https:\/\/adoresilk.ee\/lv\/wp-json\/wp\/v2\/comments?post=1500"}],"version-history":[{"count":1,"href":"https:\/\/adoresilk.ee\/lv\/wp-json\/wp\/v2\/pages\/1500\/revisions"}],"predecessor-version":[{"id":1501,"href":"https:\/\/adoresilk.ee\/lv\/wp-json\/wp\/v2\/pages\/1500\/revisions\/1501"}],"wp:attachment":[{"href":"https:\/\/adoresilk.ee\/lv\/wp-json\/wp\/v2\/media?parent=1500"}],"curies":[{"name":"wp","href":"https:\/\/api.w.org\/{rel}","templated":true}]}}