{"id":2740,"date":"2025-06-05T16:21:36","date_gmt":"2025-06-05T16:21:36","guid":{"rendered":"http:\/\/adoresilk.ee\/toode\/silkiniai-naktiniai-marskiniai\/"},"modified":"2025-10-14T22:12:17","modified_gmt":"2025-10-14T19:12:17","slug":"silkiniai-naktiniai-marskiniai","status":"publish","type":"product","link":"https:\/\/adoresilk.ee\/lt\/lt\/silkiniai-naktiniai-marskiniai\/","title":{"rendered":"\u0160ilkiniai naktiniai mar\u0161kiniai"},"content":{"rendered":"<p data-start=\"692\" data-end=\"705\"><strong data-start=\"692\" data-end=\"705\">Funkcijos:<\/strong><\/p>\n<ul data-start=\"706\" data-end=\"940\">\n<li data-start=\"706\" data-end=\"752\">\n<p data-start=\"708\" data-end=\"752\">100 % 22 momme \u0161ilkinis \u0161ilkas<\/p>\n<\/li>\n<li data-start=\"753\" data-end=\"804\">\n<p data-start=\"755\" data-end=\"804\">Draugi\u0161kas odai, pralaidus orui ir reguliuojantis temperat\u016br\u0105<\/p>\n<\/li>\n<li data-start=\"805\" data-end=\"853\">\n<p data-start=\"807\" data-end=\"853\">Hipoalerginis &#8211; idealiai tinka jautriai odai<\/p>\n<\/li>\n<li data-start=\"854\" data-end=\"893\">\n<p data-start=\"856\" data-end=\"893\">Prabangus blizgesys ir \u0161ilkinis \u0161velnumas<\/p>\n<\/li>\n<li data-start=\"894\" data-end=\"940\">\n<p data-start=\"896\" data-end=\"940\">Tinka kaip naktin\u0117 suknel\u0117 arba kaip suknel\u0117 prie \u0161varkelio.<\/p>\n<\/li>\n<li data-start=\"894\" data-end=\"940\">Reguliuojamos petne\u0161os<\/li>\n<\/ul>\n<p>\u0160ilkin\u0117s suknel\u0117s i\u0161matavimai:<\/p>\n<p>S dydis (kr\u016btin\u0117 90 cm, klubai 128 cm, 99 cm)<\/p>\n<p>M dydis (kr\u016btin\u0117 95 cm, klubai 132 cm, ilgis 99 cm)<\/p>\n<p>L dydis (kr\u016btin\u0117 104 cm, klubai 136 cm, ilgis 99 cm)<\/p>\n<p data-start=\"942\" data-end=\"1079\"><strong data-start=\"942\" data-end=\"954\">Prie\u017ei\u016bra:<\/strong> skalbkite rankomis \u0161altame vandenyje su \u0161ilkui skirtu skalbikliu. D\u017eiovinkite ant lygaus pavir\u0161iaus arba drabu\u017ei\u0173 virv\u0117s, apsaugoto nuo tiesiogini\u0173 saul\u0117s spinduli\u0173. Drabu\u017e\u012f galima \u0161velniai lyginti \u017eemoje temperat\u016broje, naudojant \u0161ilko program\u0105, kad b\u016bt\u0173 atkurtas pirminis \u0161ilko drabu\u017eio blizgesys. \u0160ilko med\u017eiaga lengvai rauk\u0161l\u0117jasi.   <\/p>\n","protected":false},"excerpt":{"rendered":"<p data-start=\"181\" data-end=\"414\">M\u016bs\u0173 \u0161ilkiniai trumpi naktiniai mar\u0161kiniai ir suknel\u0117 sukurti taip, kad juose dera prabanga, patogumas ir nesenstantis moteri\u0161kas stilius. Pasi\u016bti i\u0161 auk\u0161\u010diausios kokyb\u0117s <strong data-start=\"309\" data-end=\"343\">100 % 22 momme Mulberry \u0161ilko,<\/strong> kuris gars\u0117ja i\u0161skirtiniu \u0161velnumu, blizgesiu ir ilgaam\u017ei\u0161kumu. <\/p>\n<p data-start=\"416\" data-end=\"690\">\u0160i suknel\u0117 slysta oda lyg antra oda &#8211; mink\u0161ta, v\u0117sinanti ir pralaidi orui. Klasikinio kirpimo suknel\u0117 puikiai tinka eleganti\u0161kai miegoti lovoje ar gerti rytin\u0119 kav\u0105 terasoje. Suknel\u0117 turi reguliuojamas petne\u0161\u0117les.  <\/p>\n","protected":false},"featured_media":2676,"comment_status":"open","ping_status":"closed","template":"","meta":{"_gspb_post_css":""},"product_brand":[],"product_cat":[239],"product_tag":[258,274,240,257,273,272],"class_list":{"0":"post-2740","1":"product","2":"type-product","3":"status-publish","4":"has-post-thumbnail","6":"product_cat-silkines-sukneles","7":"product_tag-mulberry-silkine-suknele","8":"product_tag-mulberry-silkiniai-naktiniai-marskiniai","9":"product_tag-silkine-suknele","10":"product_tag-silkine-suknele-lt-2","11":"product_tag-silkiniai-naktiniai-marskiniai-lt","12":"product_tag-silkiniai-naktiniai-marskiniai","14":"first","15":"instock","16":"sale","17":"shipping-taxable","18":"purchasable","19":"product-type-variable"},"_links":{"self":[{"href":"https:\/\/adoresilk.ee\/lt\/wp-json\/wp\/v2\/product\/2740","targetHints":{"allow":["GET"]}}],"collection":[{"href":"https:\/\/adoresilk.ee\/lt\/wp-json\/wp\/v2\/product"}],"about":[{"href":"https:\/\/adoresilk.ee\/lt\/wp-json\/wp\/v2\/types\/product"}],"replies":[{"embeddable":true,"href":"https:\/\/adoresilk.ee\/lt\/wp-json\/wp\/v2\/comments?post=2740"}],"wp:featuredmedia":[{"embeddable":true,"href":"https:\/\/adoresilk.ee\/lt\/wp-json\/wp\/v2\/media\/2676"}],"wp:attachment":[{"href":"https:\/\/adoresilk.ee\/lt\/wp-json\/wp\/v2\/media?parent=2740"}],"wp:term":[{"taxonomy":"product_brand","embeddable":true,"href":"https:\/\/adoresilk.ee\/lt\/wp-json\/wp\/v2\/product_brand?post=2740"},{"taxonomy":"product_cat","embeddable":true,"href":"https:\/\/adoresilk.ee\/lt\/wp-json\/wp\/v2\/product_cat?post=2740"},{"taxonomy":"product_tag","embeddable":true,"href":"https:\/\/adoresilk.ee\/lt\/wp-json\/wp\/v2\/product_tag?post=2740"}],"curies":[{"name":"wp","href":"https:\/\/api.w.org\/{rel}","templated":true}]}}