{"id":2609,"date":"2025-06-18T18:28:10","date_gmt":"2025-06-18T18:28:10","guid":{"rendered":"http:\/\/adoresilk.ee\/toode\/ruda-silkine-suknele-su-isankstinio-uzsakymo-galimybe\/"},"modified":"2025-06-18T18:28:10","modified_gmt":"2025-06-18T18:28:10","slug":"ruda-silkine-suknele-su-isankstinio-uzsakymo-galimybe","status":"publish","type":"product","link":"https:\/\/adoresilk.ee\/lt\/lt\/ruda-silkine-suknele-su-isankstinio-uzsakymo-galimybe\/","title":{"rendered":"Ruda \u0161ilkin\u0117 suknel\u0117 su i\u0161ankstinio u\u017esakymo galimybe"},"content":{"rendered":"<p data-start=\"692\" data-end=\"705\"><strong data-start=\"692\" data-end=\"705\">Funkcijos:<\/strong><\/p>\n<ul data-start=\"706\" data-end=\"940\">\n<li data-start=\"706\" data-end=\"752\">\n<p data-start=\"708\" data-end=\"752\">100 % 19 mam\u0173 \u0161ilkmed\u017eio \u0161ilko<\/p>\n<\/li>\n<li data-start=\"753\" data-end=\"804\">\n<p data-start=\"755\" data-end=\"804\">Draugi\u0161kas odai, pralaidus orui ir reguliuojantis temperat\u016br\u0105<\/p>\n<\/li>\n<li data-start=\"805\" data-end=\"853\">\n<p data-start=\"807\" data-end=\"853\">Hipoalerginis &#8211; idealiai tinka jautriai odai<\/p>\n<\/li>\n<li data-start=\"854\" data-end=\"893\">\n<p data-start=\"856\" data-end=\"893\">Prabangus blizgesys ir \u0161ilkinis \u0161velnumas<\/p>\n<\/li>\n<li data-start=\"894\" data-end=\"940\">\n<p data-start=\"896\" data-end=\"940\">Tinka kaip naktin\u0117 suknel\u0117 arba kaip suknel\u0117 prie \u0161varkelio.<\/p>\n<\/li>\n<li data-start=\"894\" data-end=\"940\">Reguliuojamos petne\u0161os<\/li>\n<\/ul>\n<p data-start=\"942\" data-end=\"1079\"><strong data-start=\"942\" data-end=\"954\">Prie\u017ei\u016bra:<\/strong> skalbkite rankomis \u0161altame vandenyje su \u0161ilkui skirtu skalbikliu. D\u017eiovinkite ant lygaus pavir\u0161iaus arba drabu\u017ei\u0173 virv\u0117s, apsaugoto nuo tiesiogini\u0173 saul\u0117s spinduli\u0173. Drabu\u017e\u012f galima \u0161velniai lyginti \u017eemoje temperat\u016broje, naudojant \u0161ilko program\u0105, kad b\u016bt\u0173 atkurtas pirminis \u0161ilko drabu\u017eio blizgesys. \u0160ilko med\u017eiaga lengvai rauk\u0161l\u0117jasi.   <\/p>\n","protected":false},"excerpt":{"rendered":"<div class=\"woocommerce-product-details__short-description\">\n<p data-start=\"84\" data-end=\"138\"><strong data-start=\"84\" data-end=\"138\">Prabangi \u0161ilkin\u0117 suknel\u0117 pagaminta i\u0161 <\/strong><strong data-start=\"84\" data-end=\"138\">100 % \u0161ilkmed\u017eio \u0161ilko.<\/strong><\/p>\n<p data-start=\"84\" data-end=\"138\">\u0160ilkin\u0117 suknel\u0117 siuvama pagal u\u017esakym\u0105. Pristatymo laikas apie 3 savaites. <\/p>\n<p data-start=\"140\" data-end=\"343\">Atraskite nesenstan\u010di\u0105 elegancij\u0105 su m\u016bs\u0173 \u0161ilkine suknele, pagaminta i\u0161 100 % auk\u0161\u010diausios kokyb\u0117s \u0161ilko (19 momme). Suknel\u0117 \u0161velniai krinta ant k\u016bno, tod\u0117l kiekviename \u017eingsnyje suteikia ypating\u0105 komfort\u0105 ir moteri\u0161k\u0105 elegancij\u0105. <\/p>\n<p data-start=\"345\" data-end=\"561\">Reguliuojamos petne\u0161\u0117l\u0117s u\u017etikrina puik\u0173 prigludim\u0105, tod\u0117l suknel\u0119 galite pritaikyti pagal savo poreikius. \u0160i suknel\u0117 puikiai tinka tiek prabangai namuose, tiek ypatingoms progoms, ji sukurta taip, kad pabr\u0117\u017et\u0173 j\u016bs\u0173 nat\u016bral\u0173 gro\u017e\u012f. Suknel\u0117s ilgis 160 cm.  <\/p>\n<\/div>\n<div class=\"ct-product-add-to-cart\"><\/div>\n","protected":false},"featured_media":2700,"comment_status":"open","ping_status":"closed","template":"","meta":{"_gspb_post_css":""},"product_brand":[],"product_cat":[239],"product_tag":[258,259,240,241,257],"class_list":{"0":"post-2609","1":"product","2":"type-product","3":"status-publish","4":"has-post-thumbnail","6":"product_cat-silkines-sukneles","7":"product_tag-mulberry-silkine-suknele","8":"product_tag-silkine-suknele-lt-3","9":"product_tag-silkine-suknele","10":"product_tag-silkine-suknele-lt","11":"product_tag-silkine-suknele-lt-2","13":"first","14":"instock","15":"sale","16":"shipping-taxable","17":"purchasable","18":"product-type-variable"},"_links":{"self":[{"href":"https:\/\/adoresilk.ee\/lt\/wp-json\/wp\/v2\/product\/2609","targetHints":{"allow":["GET"]}}],"collection":[{"href":"https:\/\/adoresilk.ee\/lt\/wp-json\/wp\/v2\/product"}],"about":[{"href":"https:\/\/adoresilk.ee\/lt\/wp-json\/wp\/v2\/types\/product"}],"replies":[{"embeddable":true,"href":"https:\/\/adoresilk.ee\/lt\/wp-json\/wp\/v2\/comments?post=2609"}],"wp:featuredmedia":[{"embeddable":true,"href":"https:\/\/adoresilk.ee\/lt\/wp-json\/wp\/v2\/media\/2700"}],"wp:attachment":[{"href":"https:\/\/adoresilk.ee\/lt\/wp-json\/wp\/v2\/media?parent=2609"}],"wp:term":[{"taxonomy":"product_brand","embeddable":true,"href":"https:\/\/adoresilk.ee\/lt\/wp-json\/wp\/v2\/product_brand?post=2609"},{"taxonomy":"product_cat","embeddable":true,"href":"https:\/\/adoresilk.ee\/lt\/wp-json\/wp\/v2\/product_cat?post=2609"},{"taxonomy":"product_tag","embeddable":true,"href":"https:\/\/adoresilk.ee\/lt\/wp-json\/wp\/v2\/product_tag?post=2609"}],"curies":[{"name":"wp","href":"https:\/\/api.w.org\/{rel}","templated":true}]}}