{"id":1911,"date":"2025-05-18T18:21:15","date_gmt":"2025-05-18T18:21:15","guid":{"rendered":"http:\/\/adoresilk.ee\/toode\/dovanu-rinkinys-normalus\/"},"modified":"2025-05-18T18:21:15","modified_gmt":"2025-05-18T18:21:15","slug":"dovanu-rinkinys-normalus","status":"publish","type":"product","link":"https:\/\/adoresilk.ee\/lt\/lt\/dovanu-rinkinys-normalus\/","title":{"rendered":"Dovan\u0173 rinkinys Normalus"},"content":{"rendered":"","protected":false},"excerpt":{"rendered":"<p><strong>Dovan\u0173 rinkin\u012f sudaro:<\/strong><\/p>\n<ul>\n<li>1 pilnas \u0161ilkinis pagalv\u0117s u\u017evalkalas Standartinis dydis 51x66cm<\/li>\n<li>Visi\u0161kai \u012fprasti vokai<\/li>\n<li>Viso pluo\u0161to guma (3,5 cm dyd\u017eio)<\/li>\n<li>Dovan\u0173 d\u0117\u017eut\u0117 su logotipu<\/li>\n<\/ul>\n<p>Puik\u016bs dovan\u0173 rinkiniai, puikiai tinkantys dovanoti mylimiausiam \u017emogui! Galimi paskutiniai dovan\u0173 rinkiniai! Baltos ir \u0161ampano spalvos u\u017evalkalas 22 momme, m\u0117lynos spalvos 19 momme.  <\/p>\n<p>\u201eAdore Silk\u201c gaminiai gaminami i\u0161 auk\u0161tos kokyb\u0117s 6A Moorewood \u0161ilko. Mulberry \u0161ilkas yra vertingiausias ir kokybi\u0161kiausias \u0161ilkas. \u201eAdore Silk\u201c u\u017evalkal\u0173 storis &#8211; 22 momme, tod\u0117l u\u017evalkalas yra mink\u0161tas ir patvarus. Pe\u010dialinis \u0161ilkas yra hipoalerginis ir bekvapis. M\u016bs\u0173 gaminiams suteiktas OEKO-TEX sertifikatas, o tai rei\u0161kia, kad \u012f med\u017eiagas nededama pavojing\u0173 toksin\u0173 ar da\u017eikli\u0173.    <\/p>\n","protected":false},"featured_media":2290,"comment_status":"open","ping_status":"closed","template":"","meta":{"_gspb_post_css":""},"product_brand":[],"product_cat":[129],"product_tag":[],"class_list":{"0":"post-1911","1":"product","2":"type-product","3":"status-publish","4":"has-post-thumbnail","6":"product_cat-dovanu-rinkiniai","8":"first","9":"instock","10":"sale","11":"shipping-taxable","12":"purchasable","13":"product-type-variable"},"_links":{"self":[{"href":"https:\/\/adoresilk.ee\/lt\/wp-json\/wp\/v2\/product\/1911","targetHints":{"allow":["GET"]}}],"collection":[{"href":"https:\/\/adoresilk.ee\/lt\/wp-json\/wp\/v2\/product"}],"about":[{"href":"https:\/\/adoresilk.ee\/lt\/wp-json\/wp\/v2\/types\/product"}],"replies":[{"embeddable":true,"href":"https:\/\/adoresilk.ee\/lt\/wp-json\/wp\/v2\/comments?post=1911"}],"wp:featuredmedia":[{"embeddable":true,"href":"https:\/\/adoresilk.ee\/lt\/wp-json\/wp\/v2\/media\/2290"}],"wp:attachment":[{"href":"https:\/\/adoresilk.ee\/lt\/wp-json\/wp\/v2\/media?parent=1911"}],"wp:term":[{"taxonomy":"product_brand","embeddable":true,"href":"https:\/\/adoresilk.ee\/lt\/wp-json\/wp\/v2\/product_brand?post=1911"},{"taxonomy":"product_cat","embeddable":true,"href":"https:\/\/adoresilk.ee\/lt\/wp-json\/wp\/v2\/product_cat?post=1911"},{"taxonomy":"product_tag","embeddable":true,"href":"https:\/\/adoresilk.ee\/lt\/wp-json\/wp\/v2\/product_tag?post=1911"}],"curies":[{"name":"wp","href":"https:\/\/api.w.org\/{rel}","templated":true}]}}