{"id":1754,"date":"2025-05-18T06:25:25","date_gmt":"2025-05-18T06:25:25","guid":{"rendered":"http:\/\/adoresilk.ee\/toode\/silkiniai-uzvalkalai-22-momme\/"},"modified":"2026-03-29T17:38:52","modified_gmt":"2026-03-29T14:38:52","slug":"silkiniai-uzvalkalai-22-momme","status":"publish","type":"product","link":"https:\/\/adoresilk.ee\/lt\/lt\/silkiniai-uzvalkalai-22-momme\/","title":{"rendered":"\u0160ilkiniai u\u017evalkalai 22 momme"},"content":{"rendered":"","protected":false},"excerpt":{"rendered":"<p><strong>\u201eAdore Silk\u201c \u0161ilkiniai u\u017evalkalai pakyl\u0117ja j\u016bs\u0173 gro\u017e\u012f \u012f kit\u0105 lyg\u012f!<\/strong><\/p>\n<p>\u201eAdore Silk Mulberry Silk\u201c pagalvi\u0173 u\u017evalkalai yra <strong>\u201eAnne and Style\u201c 2025 met\u0173 gro\u017eio favoritas<\/strong> kategorijoje \u201eTimeless Beauty Favourite\u201c! Visi\u0161ko \u0161ilko u\u017evalkalai ne tik suteikia prabangos poj\u016bt\u012f miegant, bet ir tiesiogiai gerina sveikat\u0105, veido od\u0105 ir plaukus.<\/p>\n<p>M\u016bs\u0173 u\u017evalkalai pagaminti i\u0161 auk\u0161tos kokyb\u0117s 6A \u0161ilkmed\u017eio \u0161ilko. Klevo \u0161ilkas yra vertingiausias ir auk\u0161\u010diausios kokyb\u0117s \u0161ilkas. U\u017evalkal\u0173 \u201eAdore Silk\u201c u\u017evalkalai yra <strong>22 mm<\/strong> storio, tod\u0117l u\u017evalkalas yra mink\u0161tas ir patvarus. Pu\u0161\u0173 \u0161ilkas yra hipoalerginis ir bekvapis. M\u016bs\u0173 gaminiams suteiktas <strong>OEKO-TEX <\/strong>sertifikatas, o tai rei\u0161kia, kad \u012f med\u017eiagas nededama pavojing\u0173 toksin\u0173 ar da\u017eikli\u0173. \u0160ilko audinys yra 100 % nat\u016bralus pasirinkimas, itin lengvas ir mink\u0161tas.<\/p>\n","protected":false},"featured_media":3500,"comment_status":"open","ping_status":"closed","template":"","meta":{"_gspb_post_css":""},"product_brand":[],"product_cat":[147],"product_tag":[],"class_list":{"0":"post-1754","1":"product","2":"type-product","3":"status-publish","4":"has-post-thumbnail","6":"product_cat-silkiniai-uzvalkalai","8":"first","9":"instock","10":"sale","11":"featured","12":"shipping-taxable","13":"purchasable","14":"product-type-variable"},"_links":{"self":[{"href":"https:\/\/adoresilk.ee\/lt\/wp-json\/wp\/v2\/product\/1754","targetHints":{"allow":["GET"]}}],"collection":[{"href":"https:\/\/adoresilk.ee\/lt\/wp-json\/wp\/v2\/product"}],"about":[{"href":"https:\/\/adoresilk.ee\/lt\/wp-json\/wp\/v2\/types\/product"}],"replies":[{"embeddable":true,"href":"https:\/\/adoresilk.ee\/lt\/wp-json\/wp\/v2\/comments?post=1754"}],"wp:featuredmedia":[{"embeddable":true,"href":"https:\/\/adoresilk.ee\/lt\/wp-json\/wp\/v2\/media\/3500"}],"wp:attachment":[{"href":"https:\/\/adoresilk.ee\/lt\/wp-json\/wp\/v2\/media?parent=1754"}],"wp:term":[{"taxonomy":"product_brand","embeddable":true,"href":"https:\/\/adoresilk.ee\/lt\/wp-json\/wp\/v2\/product_brand?post=1754"},{"taxonomy":"product_cat","embeddable":true,"href":"https:\/\/adoresilk.ee\/lt\/wp-json\/wp\/v2\/product_cat?post=1754"},{"taxonomy":"product_tag","embeddable":true,"href":"https:\/\/adoresilk.ee\/lt\/wp-json\/wp\/v2\/product_tag?post=1754"}],"curies":[{"name":"wp","href":"https:\/\/api.w.org\/{rel}","templated":true}]}}