{"id":1712,"date":"2025-05-18T18:25:59","date_gmt":"2025-05-18T18:25:59","guid":{"rendered":"http:\/\/adoresilk.ee\/toode\/dovanu-rinkinys-vyrams\/"},"modified":"2025-05-18T18:25:59","modified_gmt":"2025-05-18T18:25:59","slug":"dovanu-rinkinys-vyrams","status":"publish","type":"product","link":"https:\/\/adoresilk.ee\/lt\/lt\/dovanu-rinkinys-vyrams\/","title":{"rendered":"Dovan\u0173 rinkinys vyrams"},"content":{"rendered":"","protected":false},"excerpt":{"rendered":"<p>Dovan\u0173 rinkin\u012f sudaro:<\/p>\n<ul>\n<li>1 50&#215;66 cm u\u017evalkalas pilnavidurei pagalvei ir 1 pilnavidur\u0117 miego kauk\u0117.<\/li>\n<\/ul>\n<p>Nuostabus \u017ealios spalvos atspalvis ypa\u010d tinka vyri\u0161kai fig\u016brai. Prabangi dovana mylimiausiam \u017emogui. <\/p>\n","protected":false},"featured_media":1345,"comment_status":"open","ping_status":"closed","template":"","meta":{"_gspb_post_css":""},"product_brand":[],"product_cat":[129],"product_tag":[],"class_list":{"0":"post-1712","1":"product","2":"type-product","3":"status-publish","4":"has-post-thumbnail","6":"product_cat-dovanu-rinkiniai","8":"first","9":"instock","10":"sale","11":"shipping-taxable","12":"purchasable","13":"product-type-variable"},"_links":{"self":[{"href":"https:\/\/adoresilk.ee\/lt\/wp-json\/wp\/v2\/product\/1712","targetHints":{"allow":["GET"]}}],"collection":[{"href":"https:\/\/adoresilk.ee\/lt\/wp-json\/wp\/v2\/product"}],"about":[{"href":"https:\/\/adoresilk.ee\/lt\/wp-json\/wp\/v2\/types\/product"}],"replies":[{"embeddable":true,"href":"https:\/\/adoresilk.ee\/lt\/wp-json\/wp\/v2\/comments?post=1712"}],"wp:featuredmedia":[{"embeddable":true,"href":"https:\/\/adoresilk.ee\/lt\/wp-json\/wp\/v2\/media\/1345"}],"wp:attachment":[{"href":"https:\/\/adoresilk.ee\/lt\/wp-json\/wp\/v2\/media?parent=1712"}],"wp:term":[{"taxonomy":"product_brand","embeddable":true,"href":"https:\/\/adoresilk.ee\/lt\/wp-json\/wp\/v2\/product_brand?post=1712"},{"taxonomy":"product_cat","embeddable":true,"href":"https:\/\/adoresilk.ee\/lt\/wp-json\/wp\/v2\/product_cat?post=1712"},{"taxonomy":"product_tag","embeddable":true,"href":"https:\/\/adoresilk.ee\/lt\/wp-json\/wp\/v2\/product_tag?post=1712"}],"curies":[{"name":"wp","href":"https:\/\/api.w.org\/{rel}","templated":true}]}}