{"id":1502,"date":"2025-05-18T20:07:55","date_gmt":"2025-05-18T20:07:55","guid":{"rendered":"http:\/\/adoresilk.ee\/prekiu-pristatymas\/"},"modified":"2025-05-22T10:22:07","modified_gmt":"2025-05-22T10:22:07","slug":"prekiu-pristatymas","status":"publish","type":"page","link":"https:\/\/adoresilk.ee\/lt\/prekiu-pristatymas\/","title":{"rendered":"Preki\u0173 pristatymas"},"content":{"rendered":"\n<div class=\"wp-block-greenshift-blocks-container gspb_container gspb_container-gsbp-1d2f3f0\" id=\"gspb_container-id-gsbp-1d2f3f0\">\n<h2 id=\"gspb_heading-id-gsbp-3044def\" class=\"gspb_heading gspb_heading-id-gsbp-3044def \">Preki\u0173 pristatymas<\/h2>\n\n\n\n<div id=\"gspb_text-id-gsbp-2f50e2f\" class=\"gspb_text gspb_text-id-gsbp-2f50e2f \"><strong>Pristatymo s\u0105lygos<\/strong><br\/>Prek\u0117s siun\u010diamos \u012f \u0161ias \u0161alis: Estij\u0105, Suomij\u0105, Latvij\u0105, Lietuv\u0105<br\/>Pirk\u0117jas turi \u0161ias preki\u0173 gavimo galimybes: <em>\u201eItella Estonia O\u00dc\u201c ir \u201eOmniva AS\u201c siunt\u0173 ma\u0161inos.<\/em><br\/>Preki\u0173 siuntimo i\u0161laidas apmoka pirk\u0117jas, o atitinkama informacija apie kain\u0105 pateikiama prie siuntimo b\u016bdo.<br\/>Siuntos Estijos teritorijoje paprastai pasiekia pirk\u0117jo nurodyt\u0105 paskirties viet\u0105 per 1-5 darbo dienas nuo pirkimo-pardavimo sutarties \u012fsigaliojimo dienos. <br\/>I\u0161imtiniais atvejais suteikiama teis\u0117 pristatyti prekes per 30 kalendorini\u0173 dien\u0173.<br\/>Jei pirk\u0117jo u\u017esakytos prek\u0117s negali b\u016bti pristatytos sutartyje numatytu laiku ar b\u016bdu, pirk\u0117jas bus kuo grei\u010diau informuotas ir jam bus pasi\u016blytas tinkamas alternatyvus sprendimas arba per 14 darbo dien\u0173 gr\u0105\u017einta pirkimo kaina.<br\/><br\/>Internetin\u0117 parduotuv\u0117 neatsako u\u017e defektus, atsiradusius po to, kai prek\u0117s buvo pristatytos pirk\u0117jui.<\/div>\n<\/div>\n","protected":false},"excerpt":{"rendered":"","protected":false},"author":2,"featured_media":0,"parent":0,"menu_order":0,"comment_status":"closed","ping_status":"closed","template":"","meta":{"_gspb_post_css":".gspb_container-id-gsbp-1d2f3f0{flex-direction:column;box-sizing:border-box}#gspb_container-id-gsbp-1d2f3f0.gspb_container>p:last-of-type{margin-bottom:0}#gspb_container-id-gsbp-1d2f3f0.gspb_container{position:relative;padding:20px}@media (max-width:575.98px){#gspb_container-id-gsbp-1d2f3f0.gspb_container{padding:10px}}#gspb_heading-id-gsbp-3044def,.gspb_text-id-gsbp-2f50e2f{font-family:ct_font_neue__haas,sans-serif;font-weight:500!important;color:#000}#gspb_heading-id-gsbp-3044def{font-size:30px;line-height:30px;text-align:left!important;margin:0}#gspb_heading-id-gsbp-3044def .gsap-g-line{text-align:left!important}.gspb_text-id-gsbp-2f50e2f{font-size:15px;line-height:22px;margin-top:15px!important}","footnotes":""},"class_list":["post-1502","page","type-page","status-publish","hentry"],"blocksy_meta":{"has_hero_section":"disabled","styles_descriptor":{"styles":{"desktop":"","tablet":"","mobile":""},"google_fonts":[],"version":6}},"_links":{"self":[{"href":"https:\/\/adoresilk.ee\/lt\/wp-json\/wp\/v2\/pages\/1502","targetHints":{"allow":["GET"]}}],"collection":[{"href":"https:\/\/adoresilk.ee\/lt\/wp-json\/wp\/v2\/pages"}],"about":[{"href":"https:\/\/adoresilk.ee\/lt\/wp-json\/wp\/v2\/types\/page"}],"author":[{"embeddable":true,"href":"https:\/\/adoresilk.ee\/lt\/wp-json\/wp\/v2\/users\/2"}],"replies":[{"embeddable":true,"href":"https:\/\/adoresilk.ee\/lt\/wp-json\/wp\/v2\/comments?post=1502"}],"version-history":[{"count":1,"href":"https:\/\/adoresilk.ee\/lt\/wp-json\/wp\/v2\/pages\/1502\/revisions"}],"predecessor-version":[{"id":1503,"href":"https:\/\/adoresilk.ee\/lt\/wp-json\/wp\/v2\/pages\/1502\/revisions\/1503"}],"wp:attachment":[{"href":"https:\/\/adoresilk.ee\/lt\/wp-json\/wp\/v2\/media?parent=1502"}],"curies":[{"name":"wp","href":"https:\/\/api.w.org\/{rel}","templated":true}]}}