{"id":2736,"date":"2025-06-05T16:21:36","date_gmt":"2025-06-05T16:21:36","guid":{"rendered":"http:\/\/adoresilk.ee\/toode\/silkki-yopaita\/"},"modified":"2025-10-14T22:12:17","modified_gmt":"2025-10-14T19:12:17","slug":"silkki-yopaita","status":"publish","type":"product","link":"https:\/\/adoresilk.ee\/fi\/fi\/silkki-yopaita\/","title":{"rendered":"Silkki y\u00f6paita"},"content":{"rendered":"<p data-start=\"692\" data-end=\"705\"><strong data-start=\"692\" data-end=\"705\">Ominaisuudet:<\/strong><\/p>\n<ul data-start=\"706\" data-end=\"940\">\n<li data-start=\"706\" data-end=\"752\">\n<p data-start=\"708\" data-end=\"752\">100% 22 momme Mulberry silkki\u00e4<\/p>\n<\/li>\n<li data-start=\"753\" data-end=\"804\">\n<p data-start=\"755\" data-end=\"804\">Ihoyst\u00e4v\u00e4llinen, hengitt\u00e4v\u00e4 ja l\u00e4mp\u00f6tilaa s\u00e4\u00e4telev\u00e4<\/p>\n<\/li>\n<li data-start=\"805\" data-end=\"853\">\n<p data-start=\"807\" data-end=\"853\">Hypoallergeeninen &#8211; ihanteellinen herk\u00e4lle iholle.<\/p>\n<\/li>\n<li data-start=\"854\" data-end=\"893\">\n<p data-start=\"856\" data-end=\"893\">Ylellinen kiilto ja silkkinen pehmeys<\/p>\n<\/li>\n<li data-start=\"894\" data-end=\"940\">\n<p data-start=\"896\" data-end=\"940\">Sopii y\u00f6mekoksi tai mekoksi, jota voi k\u00e4ytt\u00e4\u00e4 takin kanssa.<\/p>\n<\/li>\n<li data-start=\"894\" data-end=\"940\">S\u00e4\u00e4dett\u00e4v\u00e4t olkahihnat<\/li>\n<\/ul>\n<p>Silkkimekon mitat:<\/p>\n<p>Koko S (rinta 90cm, lantio 128cm, 99cm).<\/p>\n<p>Koko M (rinta 95cm, lantio 132cm, pituus 99cm).<\/p>\n<p>Koko L (rinta 104 cm, lantio 136cm, pituus 99cm).<\/p>\n<p data-start=\"942\" data-end=\"1079\"><strong data-start=\"942\" data-end=\"954\">Hoito:<\/strong> K\u00e4sinpesu kylm\u00e4ll\u00e4 vedell\u00e4 ja silkkipesuaineella. Kuivaa tasaisella pinnalla tai pyykkinarulla, suoran auringonvalon ulottumattomissa. Vaate voidaan silitt\u00e4\u00e4 varovasti silkkiohjelmalla matalassa l\u00e4mp\u00f6tilassa silkkivaatteen alkuper\u00e4isen kiillon palauttamiseksi. Silkkimateriaali rypistyy helposti.   <\/p>\n","protected":false},"excerpt":{"rendered":"<p data-start=\"181\" data-end=\"414\">Lyhyt silkkinen y\u00f6paitamme\/-mekkomme on suunniteltu yhdist\u00e4m\u00e4\u00e4n ylellisyytt\u00e4, mukavuutta ja ajatonta naisellista tyyli\u00e4. Valmistettu korkealaatuisesta <strong data-start=\"309\" data-end=\"343\">100 % 22 momme Mulberry-silkist\u00e4<\/strong>, joka on tunnettu poikkeuksellisesta sileydest\u00e4\u00e4n, kiilt\u00e4vyydest\u00e4\u00e4n ja kest\u00e4vyydest\u00e4\u00e4n. <\/p>\n<p data-start=\"416\" data-end=\"690\">T\u00e4m\u00e4 mekko liukuu ihoa vasten kuin toinen iho &#8211; pehme\u00e4, viilent\u00e4v\u00e4 ja hengitt\u00e4v\u00e4. Klassinen leikkaus sopii t\u00e4ydellisesti tyylikk\u00e4\u00e4seen s\u00e4nkyyn tai tyylikk\u00e4\u00e4seen aamukahvitteluun terassilla. Mekossa on s\u00e4\u00e4dett\u00e4v\u00e4t olkaimet.  <\/p>\n","protected":false},"featured_media":2674,"comment_status":"open","ping_status":"closed","template":"","meta":{"_gspb_post_css":""},"product_brand":[],"product_cat":[229],"product_tag":[271,252,269,270,251,230],"class_list":{"0":"post-2736","1":"product","2":"type-product","3":"status-publish","4":"has-post-thumbnail","6":"product_cat-silkkimekot","7":"product_tag-mulberry-silkki-yopaita","8":"product_tag-mulberry-silkkimekko","9":"product_tag-silkki-yopaita","10":"product_tag-silkki-yopaita-fi","11":"product_tag-silkkimekko-fi-2","12":"product_tag-silkkimekko","14":"first","15":"instock","16":"sale","17":"shipping-taxable","18":"purchasable","19":"product-type-variable"},"_links":{"self":[{"href":"https:\/\/adoresilk.ee\/fi\/wp-json\/wp\/v2\/product\/2736","targetHints":{"allow":["GET"]}}],"collection":[{"href":"https:\/\/adoresilk.ee\/fi\/wp-json\/wp\/v2\/product"}],"about":[{"href":"https:\/\/adoresilk.ee\/fi\/wp-json\/wp\/v2\/types\/product"}],"replies":[{"embeddable":true,"href":"https:\/\/adoresilk.ee\/fi\/wp-json\/wp\/v2\/comments?post=2736"}],"wp:featuredmedia":[{"embeddable":true,"href":"https:\/\/adoresilk.ee\/fi\/wp-json\/wp\/v2\/media\/2674"}],"wp:attachment":[{"href":"https:\/\/adoresilk.ee\/fi\/wp-json\/wp\/v2\/media?parent=2736"}],"wp:term":[{"taxonomy":"product_brand","embeddable":true,"href":"https:\/\/adoresilk.ee\/fi\/wp-json\/wp\/v2\/product_brand?post=2736"},{"taxonomy":"product_cat","embeddable":true,"href":"https:\/\/adoresilk.ee\/fi\/wp-json\/wp\/v2\/product_cat?post=2736"},{"taxonomy":"product_tag","embeddable":true,"href":"https:\/\/adoresilk.ee\/fi\/wp-json\/wp\/v2\/product_tag?post=2736"}],"curies":[{"name":"wp","href":"https:\/\/api.w.org\/{rel}","templated":true}]}}