{"id":2569,"date":"2025-06-17T09:16:32","date_gmt":"2025-06-17T09:16:32","guid":{"rendered":"http:\/\/adoresilk.ee\/toode\/vihrea-silkkimekko-ennakkotilausvaihtoehdolla\/"},"modified":"2025-06-17T09:16:32","modified_gmt":"2025-06-17T09:16:32","slug":"vihrea-silkkimekko-ennakkotilausvaihtoehdolla","status":"publish","type":"product","link":"https:\/\/adoresilk.ee\/fi\/fi\/vihrea-silkkimekko-ennakkotilausvaihtoehdolla\/","title":{"rendered":"Vihre\u00e4 silkkimekko ennakkotilausvaihtoehdolla"},"content":{"rendered":"<p data-start=\"692\" data-end=\"705\"><strong data-start=\"692\" data-end=\"705\">Ominaisuudet:<\/strong><\/p>\n<ul data-start=\"706\" data-end=\"940\">\n<li data-start=\"706\" data-end=\"752\">\n<p data-start=\"708\" data-end=\"752\">100% 22 momme Mulberry silkki\u00e4<\/p>\n<\/li>\n<li data-start=\"753\" data-end=\"804\">\n<p data-start=\"755\" data-end=\"804\">Ihoyst\u00e4v\u00e4llinen, hengitt\u00e4v\u00e4 ja l\u00e4mp\u00f6tilaa s\u00e4\u00e4telev\u00e4<\/p>\n<\/li>\n<li data-start=\"805\" data-end=\"853\">\n<p data-start=\"807\" data-end=\"853\">Hypoallergeeninen &#8211; ihanteellinen herk\u00e4lle iholle.<\/p>\n<\/li>\n<li data-start=\"854\" data-end=\"893\">\n<p data-start=\"856\" data-end=\"893\">Ylellinen kiilto ja silkkinen pehmeys<\/p>\n<\/li>\n<li data-start=\"894\" data-end=\"940\">\n<p data-start=\"896\" data-end=\"940\">Sopii y\u00f6mekoksi tai mekoksi, jota voi k\u00e4ytt\u00e4\u00e4 takin kanssa.<\/p>\n<\/li>\n<li data-start=\"894\" data-end=\"940\">S\u00e4\u00e4dett\u00e4v\u00e4t olkahihnat<\/li>\n<\/ul>\n<p data-start=\"942\" data-end=\"1079\"><strong data-start=\"942\" data-end=\"954\">Hoito:<\/strong> K\u00e4sinpesu kylm\u00e4ll\u00e4 vedell\u00e4 ja silkkipesuaineella. Kuivaa tasaisella pinnalla tai pyykkinarulla, suoran auringonvalon ulottumattomissa. Vaate voidaan silitt\u00e4\u00e4 varovasti silkkiohjelmalla matalassa l\u00e4mp\u00f6tilassa silkkivaatteen alkuper\u00e4isen kiillon palauttamiseksi. Silkkimateriaali rypistyy helposti.   <\/p>\n","protected":false},"excerpt":{"rendered":"<p data-start=\"84\" data-end=\"138\"><strong data-start=\"84\" data-end=\"138\">Ylellinen silkkimekko on valmistettu <\/strong><strong data-start=\"84\" data-end=\"138\">100 % Mulberry-silkki\u00e4.<\/strong><\/p>\n<p data-start=\"84\" data-end=\"138\">Silkkipuku tehd\u00e4\u00e4n tilauksesta. Toimitusaika noin 3 viikkoa. <\/p>\n<p data-start=\"140\" data-end=\"343\">Tutustu ajattoman tyylikk\u00e4\u00e4seen silkkimekkoon, joka on valmistettu 100 % korkealaatuisesta Mulberry-silkist\u00e4 (19 momme). Mekko laskeutuu pehme\u00e4sti vartalon p\u00e4\u00e4lle tarjoten \u00e4\u00e4rimm\u00e4ist\u00e4 mukavuutta ja naisellista eleganssia jokaisella askeleella. <\/p>\n<p data-start=\"345\" data-end=\"561\">S\u00e4\u00e4dett\u00e4v\u00e4t olkahihnat takaavat t\u00e4ydellisen istuvuuden, joten voit muokata mekon mieleiseksesi. T\u00e4m\u00e4 mekko sopii t\u00e4ydellisesti sek\u00e4 kodin ylellisyyteen ett\u00e4 erityistilaisuuksiin, ja se on suunniteltu korostamaan luonnollista kauneuttasi. Mekon pituus 160cm.  <\/p>\n","protected":false},"featured_media":2418,"comment_status":"open","ping_status":"closed","template":"","meta":{"_gspb_post_css":""},"product_brand":[],"product_cat":[229],"product_tag":[230,231],"class_list":{"0":"post-2569","1":"product","2":"type-product","3":"status-publish","4":"has-post-thumbnail","6":"product_cat-silkkimekot","7":"product_tag-silkkimekko","8":"product_tag-silkkimekko-fi","10":"first","11":"instock","12":"sale","13":"shipping-taxable","14":"purchasable","15":"product-type-variable"},"_links":{"self":[{"href":"https:\/\/adoresilk.ee\/fi\/wp-json\/wp\/v2\/product\/2569","targetHints":{"allow":["GET"]}}],"collection":[{"href":"https:\/\/adoresilk.ee\/fi\/wp-json\/wp\/v2\/product"}],"about":[{"href":"https:\/\/adoresilk.ee\/fi\/wp-json\/wp\/v2\/types\/product"}],"replies":[{"embeddable":true,"href":"https:\/\/adoresilk.ee\/fi\/wp-json\/wp\/v2\/comments?post=2569"}],"wp:featuredmedia":[{"embeddable":true,"href":"https:\/\/adoresilk.ee\/fi\/wp-json\/wp\/v2\/media\/2418"}],"wp:attachment":[{"href":"https:\/\/adoresilk.ee\/fi\/wp-json\/wp\/v2\/media?parent=2569"}],"wp:term":[{"taxonomy":"product_brand","embeddable":true,"href":"https:\/\/adoresilk.ee\/fi\/wp-json\/wp\/v2\/product_brand?post=2569"},{"taxonomy":"product_cat","embeddable":true,"href":"https:\/\/adoresilk.ee\/fi\/wp-json\/wp\/v2\/product_cat?post=2569"},{"taxonomy":"product_tag","embeddable":true,"href":"https:\/\/adoresilk.ee\/fi\/wp-json\/wp\/v2\/product_tag?post=2569"}],"curies":[{"name":"wp","href":"https:\/\/api.w.org\/{rel}","templated":true}]}}