{"id":1792,"date":"2025-05-18T06:25:25","date_gmt":"2025-05-18T06:25:25","guid":{"rendered":"http:\/\/adoresilk.ee\/toode\/silkki-tyynyliinat-22-momme\/"},"modified":"2026-03-29T17:38:52","modified_gmt":"2026-03-29T14:38:52","slug":"silkki-tyynyliinat-22-momme","status":"publish","type":"product","link":"https:\/\/adoresilk.ee\/fi\/fi\/silkki-tyynyliinat-22-momme\/","title":{"rendered":"Silkkityynyliinat 22 momme"},"content":{"rendered":"","protected":false},"excerpt":{"rendered":"<p><strong>Adore Silk -tyynynp\u00e4\u00e4lliset viev\u00e4t kauneutesi seuraavalle tasolle!<\/strong><\/p>\n<p>Adore Silk Mulberry Silk -tyynyliinat ovat <strong>Anne and Stylen vuoden 2025 kauneussuosikki<\/strong> kategoriassa Ajattoman kauneuden suosikki! T\u00e4yssilkkityynynp\u00e4\u00e4lliset eiv\u00e4t ainoastaan anna ylellist\u00e4 tunnetta nukkuessasi, vaan parantavat my\u00f6s suoraan terveytt\u00e4si, kasvojen ihoa ja hiuksia.<\/p>\n<p>Tyynynp\u00e4\u00e4lliset on valmistettu korkealaatuisesta 6A mulperisilkist\u00e4. Vaahterasilkki on arvokkainta ja korkealaatuisinta saatavilla olevaa silkki\u00e4. Adore Silk -tyynynp\u00e4\u00e4lliset ovat <strong>22 mm<\/strong> paksuja, mik\u00e4 antaa tyynynp\u00e4\u00e4lliselle pehmeytt\u00e4 ja kest\u00e4vyytt\u00e4. Pech-silkki on hypoallergeenista ja hajusteetonta. Tuotteemme ovat <strong>OEKO-TEX-sertifioituja <\/strong>, mik\u00e4 tarkoittaa, ett\u00e4 materiaaleihin ei ole lis\u00e4tty vaarallisia myrkkyj\u00e4 tai v\u00e4riaineita. Silkkikangas on 100 % luonnollinen valinta, eritt\u00e4in kevyt ja pehme\u00e4.<\/p>\n","protected":false},"featured_media":3498,"comment_status":"open","ping_status":"closed","template":"","meta":{"_gspb_post_css":""},"product_brand":[],"product_cat":[151,311],"product_tag":[],"class_list":{"0":"post-1792","1":"product","2":"type-product","3":"status-publish","4":"has-post-thumbnail","6":"product_cat-silkki-tyynyliinat","7":"product_cat-tuotteet-hiuksille","9":"first","10":"instock","11":"sale","12":"featured","13":"shipping-taxable","14":"purchasable","15":"product-type-variable"},"_links":{"self":[{"href":"https:\/\/adoresilk.ee\/fi\/wp-json\/wp\/v2\/product\/1792","targetHints":{"allow":["GET"]}}],"collection":[{"href":"https:\/\/adoresilk.ee\/fi\/wp-json\/wp\/v2\/product"}],"about":[{"href":"https:\/\/adoresilk.ee\/fi\/wp-json\/wp\/v2\/types\/product"}],"replies":[{"embeddable":true,"href":"https:\/\/adoresilk.ee\/fi\/wp-json\/wp\/v2\/comments?post=1792"}],"wp:featuredmedia":[{"embeddable":true,"href":"https:\/\/adoresilk.ee\/fi\/wp-json\/wp\/v2\/media\/3498"}],"wp:attachment":[{"href":"https:\/\/adoresilk.ee\/fi\/wp-json\/wp\/v2\/media?parent=1792"}],"wp:term":[{"taxonomy":"product_brand","embeddable":true,"href":"https:\/\/adoresilk.ee\/fi\/wp-json\/wp\/v2\/product_brand?post=1792"},{"taxonomy":"product_cat","embeddable":true,"href":"https:\/\/adoresilk.ee\/fi\/wp-json\/wp\/v2\/product_cat?post=1792"},{"taxonomy":"product_tag","embeddable":true,"href":"https:\/\/adoresilk.ee\/fi\/wp-json\/wp\/v2\/product_tag?post=1792"}],"curies":[{"name":"wp","href":"https:\/\/api.w.org\/{rel}","templated":true}]}}