{"id":1763,"date":"2025-05-18T07:25:46","date_gmt":"2025-05-18T07:25:46","guid":{"rendered":"http:\/\/adoresilk.ee\/toode\/3d-silkki-unimaski\/"},"modified":"2025-05-18T07:25:46","modified_gmt":"2025-05-18T07:25:46","slug":"3d-silkki-unimaski","status":"publish","type":"product","link":"https:\/\/adoresilk.ee\/fi\/fi\/3d-silkki-unimaski\/","title":{"rendered":"3D silkki unimaski"},"content":{"rendered":"","protected":false},"excerpt":{"rendered":"<div>Adore Silkin upeat silkkiset uninaamarit antavat sinulle viel\u00e4 enemm\u00e4n kauneutta. Unimaski ei ainoastaan suojaa meit\u00e4 h\u00e4iritsev\u00e4lt\u00e4 valolta, joka voi h\u00e4irit\u00e4 unta, vaan se my\u00f6s hoitaa ihoa, silm\u00e4nymp\u00e4rysihoa ja jopa ripsienpidennyksi\u00e4. Adore Silk 3D magami naamio on valmistettu korkealaatuisesta 6A turvesilkist\u00e4. Turvesilkki on kalleinta ja korkealaatuisinta saatavilla olevaa silkki\u00e4. Tuotteemme ovat OEXO-TEX-sertifioituja, mik\u00e4 tarkoittaa, ett\u00e4 materiaaleihin ei ole lis\u00e4tty vaarallisia myrkkyj\u00e4 tai v\u00e4riaineita.<\/div>\n","protected":false},"featured_media":1101,"comment_status":"open","ping_status":"closed","template":"","meta":{"_gspb_post_css":""},"product_brand":[],"product_cat":[148],"product_tag":[],"class_list":{"0":"post-1763","1":"product","2":"type-product","3":"status-publish","4":"has-post-thumbnail","6":"product_cat-silkkiset-uninaamarit","8":"first","9":"instock","10":"sale","11":"shipping-taxable","12":"purchasable","13":"product-type-variable"},"_links":{"self":[{"href":"https:\/\/adoresilk.ee\/fi\/wp-json\/wp\/v2\/product\/1763","targetHints":{"allow":["GET"]}}],"collection":[{"href":"https:\/\/adoresilk.ee\/fi\/wp-json\/wp\/v2\/product"}],"about":[{"href":"https:\/\/adoresilk.ee\/fi\/wp-json\/wp\/v2\/types\/product"}],"replies":[{"embeddable":true,"href":"https:\/\/adoresilk.ee\/fi\/wp-json\/wp\/v2\/comments?post=1763"}],"wp:featuredmedia":[{"embeddable":true,"href":"https:\/\/adoresilk.ee\/fi\/wp-json\/wp\/v2\/media\/1101"}],"wp:attachment":[{"href":"https:\/\/adoresilk.ee\/fi\/wp-json\/wp\/v2\/media?parent=1763"}],"wp:term":[{"taxonomy":"product_brand","embeddable":true,"href":"https:\/\/adoresilk.ee\/fi\/wp-json\/wp\/v2\/product_brand?post=1763"},{"taxonomy":"product_cat","embeddable":true,"href":"https:\/\/adoresilk.ee\/fi\/wp-json\/wp\/v2\/product_cat?post=1763"},{"taxonomy":"product_tag","embeddable":true,"href":"https:\/\/adoresilk.ee\/fi\/wp-json\/wp\/v2\/product_tag?post=1763"}],"curies":[{"name":"wp","href":"https:\/\/api.w.org\/{rel}","templated":true}]}}