{"id":1538,"date":"2025-05-18T20:08:59","date_gmt":"2025-05-18T17:08:59","guid":{"rendered":"http:\/\/adoresilk.ee\/tavaran-palautus\/"},"modified":"2025-05-22T10:56:35","modified_gmt":"2025-05-22T10:56:35","slug":"tavaran-palautus","status":"publish","type":"page","link":"https:\/\/adoresilk.ee\/fi\/tavaran-palautus\/","title":{"rendered":"Tavaran palautus"},"content":{"rendered":"\n<div class=\"wp-block-greenshift-blocks-container gspb_container gspb_container-gsbp-1d2f3f0\" id=\"gspb_container-id-gsbp-1d2f3f0\">\n<h2 id=\"gspb_heading-id-gsbp-3044def\" class=\"gspb_heading gspb_heading-id-gsbp-3044def \">Tavaran palautus<\/h2>\n\n\n\n<div id=\"gspb_text-id-gsbp-2f50e2f\" class=\"gspb_text gspb_text-id-gsbp-2f50e2f \"><p data-start=\"49\" data-end=\"426\">Jos et jostain syyst\u00e4 pid\u00e4k\u00e4\u00e4n Adore Silk -tuotteista ja haluat palauttaa ne, tee se 14 p\u00e4iv\u00e4n kuluessa tilauksen vastaanottamisesta! Adore Silk ei hyv\u00e4ksy palautuksia, jotka tehd\u00e4\u00e4n yli 14 p\u00e4iv\u00e4n kuluttua tuotteen vastaanottamisesta.<br data-start=\"283\" data-end=\"286\"\/>Palautettavien tuotteiden tulee olla alkuper\u00e4ispakkauksessa ja k\u00e4ytt\u00e4m\u00e4tt\u00f6mi\u00e4.<br data-start=\"364\" data-end=\"367\"\/>Palautusoikeus ei koske asiakkaan vahingoittamia tuotteita.<\/p><br\/><p data-start=\"428\" data-end=\"812\">Tuotteen palauttamiseksi on 14 p\u00e4iv\u00e4n kuluessa tuotteen vastaanottamisesta l\u00e4hetett\u00e4v\u00e4 vapaamuotoinen palautusilmoitus s\u00e4hk\u00f6postitse osoitteeseen <a class=\"cursor-pointer\" rel=\"noopener\" data-start=\"574\" data-end=\"593\">adoresiid@gmail.com<\/a>.<br data-start=\"594\" data-end=\"597\"\/>Palautusilmoituksessa tulee olla asiakkaan nimi ja tilausnumero. Olisimme kiitollisia, jos ilmoittaisit my\u00f6s palautuksen syyn. Saatuamme ilmoituksen l\u00e4het\u00e4mme asiakkaalle tarvittavat tiedot tuotteen palauttamiseksi.<\/p><br\/><p data-start=\"814\" data-end=\"1222\">Tuotteen voi palauttaa valitsemalla itselleen sopivan pakettiautomaatin. Palautuskustannuksista vastaa ostaja, paitsi jos palautuksen syyn\u00e4 on se, ett\u00e4 palautettava tuote ei vastaa tilausta (esim. v\u00e4\u00e4r\u00e4 tai viallinen tuote).<br data-start=\"1038\" data-end=\"1041\"\/>Ostajan on palautettava tuote 14 p\u00e4iv\u00e4n kuluessa palautusilmoituksen l\u00e4hett\u00e4misest\u00e4 tai toimitettava todiste siit\u00e4, ett\u00e4 tuote on luovutettu kuljetusyhti\u00f6lle kyseisen ajan kuluessa.<\/p><br\/><p data-start=\"1224\" data-end=\"1704\">Verkkokauppa palauttaa vastaanotettuaan palautetun tuotteen viipym\u00e4tt\u00e4, kuitenkin viimeist\u00e4\u00e4n 14 p\u00e4iv\u00e4n kuluessa palautusilmoituksen vastaanottamisesta, kaikki ostajalta sopimuksen perusteella saadut maksut (lukuun ottamatta palautettavan tuotteen my\u00f6hempi\u00e4 toimituskuluja).<br data-start=\"1498\" data-end=\"1501\"\/>Verkkokauppa voi kielt\u00e4yty\u00e4 palautuksen suorittamisesta, kunnes se on vastaanottanut palautettavan tuotteen tai ostaja on toimittanut todisteen tuotteen palauttamisesta, sen mukaan, kumpi tapahtuu ensin.<\/p><br\/><p data-start=\"1706\" data-end=\"2147\">Jos ostaja on nimenomaisesti valinnut verkkokaupan tarjoamista toimitustavoista kalleimman tavan sijasta halvimman tavallisen toimitustavan, verkkokauppa ei ole velvollinen korvaamaan kulua, joka ylitt\u00e4\u00e4 tavallisen toimitustavan kustannukset.<br data-start=\"1948\" data-end=\"1951\"\/>Verkkokaupalla on oikeus peruuttaa kauppasopimus ja vaatia tuotteen palautusta ostajalta, jos tuotteen hinta on verkkokaupassa virheen vuoksi ilmoitettu merkitt\u00e4v\u00e4sti alle tuotteen markkinahinnan.<\/p><\/div>\n<\/div>\n","protected":false},"excerpt":{"rendered":"","protected":false},"author":2,"featured_media":1283,"parent":0,"menu_order":0,"comment_status":"closed","ping_status":"closed","template":"","meta":{"_gspb_post_css":".gspb_container-id-gsbp-1d2f3f0{flex-direction:column;box-sizing:border-box}#gspb_container-id-gsbp-1d2f3f0.gspb_container>p:last-of-type{margin-bottom:0}#gspb_container-id-gsbp-1d2f3f0.gspb_container{position:relative;padding:20px}@media (max-width:575.98px){#gspb_container-id-gsbp-1d2f3f0.gspb_container{padding:10px}}#gspb_heading-id-gsbp-3044def,.gspb_text-id-gsbp-2f50e2f{font-family:ct_font_neue__haas,sans-serif;font-weight:500!important;color:#000}#gspb_heading-id-gsbp-3044def{font-size:30px;line-height:30px;text-align:left!important;margin:0}#gspb_heading-id-gsbp-3044def .gsap-g-line{text-align:left!important}.gspb_text-id-gsbp-2f50e2f{font-size:15px;line-height:22px;margin-top:15px!important}","footnotes":""},"class_list":["post-1538","page","type-page","status-publish","has-post-thumbnail","hentry"],"blocksy_meta":{"has_hero_section":"disabled","styles_descriptor":{"styles":{"desktop":"","tablet":"","mobile":""},"google_fonts":[],"version":6}},"_links":{"self":[{"href":"https:\/\/adoresilk.ee\/fi\/wp-json\/wp\/v2\/pages\/1538","targetHints":{"allow":["GET"]}}],"collection":[{"href":"https:\/\/adoresilk.ee\/fi\/wp-json\/wp\/v2\/pages"}],"about":[{"href":"https:\/\/adoresilk.ee\/fi\/wp-json\/wp\/v2\/types\/page"}],"author":[{"embeddable":true,"href":"https:\/\/adoresilk.ee\/fi\/wp-json\/wp\/v2\/users\/2"}],"replies":[{"embeddable":true,"href":"https:\/\/adoresilk.ee\/fi\/wp-json\/wp\/v2\/comments?post=1538"}],"version-history":[{"count":1,"href":"https:\/\/adoresilk.ee\/fi\/wp-json\/wp\/v2\/pages\/1538\/revisions"}],"predecessor-version":[{"id":1539,"href":"https:\/\/adoresilk.ee\/fi\/wp-json\/wp\/v2\/pages\/1538\/revisions\/1539"}],"wp:featuredmedia":[{"embeddable":true,"href":"https:\/\/adoresilk.ee\/fi\/wp-json\/wp\/v2\/media\/1283"}],"wp:attachment":[{"href":"https:\/\/adoresilk.ee\/fi\/wp-json\/wp\/v2\/media?parent=1538"}],"curies":[{"name":"wp","href":"https:\/\/api.w.org\/{rel}","templated":true}]}}