{"id":1516,"date":"2025-05-18T20:06:48","date_gmt":"2025-05-18T17:06:48","guid":{"rendered":"http:\/\/adoresilk.ee\/tietosuojaehdot\/"},"modified":"2025-05-22T10:37:41","modified_gmt":"2025-05-22T10:37:41","slug":"tietosuojaehdot","status":"publish","type":"page","link":"https:\/\/adoresilk.ee\/fi\/tietosuojaehdot\/","title":{"rendered":"Tietosuojaehdot"},"content":{"rendered":"\n<div class=\"wp-block-greenshift-blocks-container gspb_container gspb_container-gsbp-1d2f3f0\" id=\"gspb_container-id-gsbp-1d2f3f0\">\n<h2 id=\"gspb_heading-id-gsbp-3044def\" class=\"gspb_heading gspb_heading-id-gsbp-3044def \">Tietosuojaehdot<\/h2>\n\n\n\n<div id=\"gspb_text-id-gsbp-2f50e2f\" class=\"gspb_text gspb_text-id-gsbp-2f50e2f \"><p data-start=\"65\" data-end=\"161\"><strong data-start=\"65\" data-end=\"115\">Rekisterinpit\u00e4j\u00e4 henkil\u00f6tietojen k\u00e4sittelyss\u00e4:<\/strong><br data-start=\"115\" data-end=\"118\"\/>AdoreSilk O\u00dc, P\u00f6\u00f6rise 16-80, Tallinna, Viro<\/p><br\/><p data-start=\"163\" data-end=\"193\"><strong>1. Henkil\u00f6tietojen suoja<\/strong><\/p><br\/><p data-start=\"194\" data-end=\"885\">Henkil\u00f6tiedot ovat tietoja, joita <strong data-start=\"228\" data-end=\"242\">Adore Silk<\/strong> ker\u00e4\u00e4 palvelun tarjoamiseksi, henkil\u00f6n tunnistamiseksi, yhteyden ottamiseksi tai kysymysten ratkaisemiseksi.<br data-start=\"351\" data-end=\"354\"\/><strong data-start=\"354\" data-end=\"368\">Adore Silk<\/strong> sitoutuu suojaamaan asiakkaiden ja k\u00e4ytt\u00e4jien henkil\u00f6tiedot ja yksityisyyden. Toimintamme verkossa noudattaa kaikkia asiaankuuluvia toimialakohtaisia s\u00e4\u00e4d\u00f6ksi\u00e4 sek\u00e4 Euroopan unionin ja Viron lains\u00e4\u00e4d\u00e4nt\u00f6\u00e4, mukaan lukien Euroopan parlamentin ja neuvoston asetus (EU) 2016\/679.<br data-start=\"644\" data-end=\"647\"\/><strong data-start=\"647\" data-end=\"661\">Adore Silk<\/strong> toteuttaa kaikki tarvittavat varotoimenpiteet (ml. hallinnolliset, tekniset ja fyysiset toimenpiteet) ker\u00e4ttyjen henkil\u00f6tietojen suojaamiseksi. Vain valtuutetuilla henkil\u00f6ill\u00e4 on p\u00e4\u00e4sy tietojen muokkaamiseen ja k\u00e4sittelyyn.<\/p><br\/><p data-start=\"887\" data-end=\"906\"><strong>2. Tietoturva<\/strong><\/p><br\/><p data-start=\"907\" data-end=\"1428\">Kaikkia <strong data-start=\"915\" data-end=\"931\">Adore Silkin<\/strong> verkkosivustolla ja asiakashallintaj\u00e4rjestelm\u00e4ss\u00e4 tehtyjen ostosten yhteydess\u00e4 saatuja henkil\u00f6tietoja k\u00e4sitell\u00e4\u00e4n luottamuksellisina. Salaus pankkiyhteyksiss\u00e4 takaa ostajan henkil\u00f6tietojen ja maksutietojen turvallisuuden.<br data-start=\"1153\" data-end=\"1156\"\/><strong data-start=\"1156\" data-end=\"1170\">Adore Silk<\/strong> k\u00e4ytt\u00e4\u00e4 kaikkia turvallisuustoimia (ml. fyysisi\u00e4, tietoteknisi\u00e4 ja organisatorisia) k\u00e4sitelt\u00e4vien henkil\u00f6tietojen suojaamiseksi. Vain valtuutetuilla henkil\u00f6ill\u00e4 on p\u00e4\u00e4sy henkil\u00f6tietoihin, ja kaikkia asiakkaiden henkil\u00f6tietoja k\u00e4sitell\u00e4\u00e4n luottamuksellisina.<\/p><br\/><p data-start=\"1430\" data-end=\"1459\"><strong>3. Mit\u00e4 tietoja ker\u00e4t\u00e4\u00e4n?<\/strong><\/p><br\/><p data-start=\"1460\" data-end=\"1486\">Ker\u00e4\u00e4mme seuraavat tiedot:<\/p><br\/><br\/><ul data-start=\"1487\" data-end=\"1818\">&#13;\n \t<li data-start=\"1487\" data-end=\"1672\">&#13;\n<p data-start=\"1489\" data-end=\"1672\">Tiedot, jotka k\u00e4ytt\u00e4j\u00e4 itse antaa rekister\u00f6ityess\u00e4\u00e4n kanta-asiakkaaksi tai verkkokaupan k\u00e4ytt\u00e4j\u00e4ksi (mm. etu- ja sukunimi, henkil\u00f6tunnus, s\u00e4hk\u00f6postiosoite, postiosoite, ostohistoria);<\/p>&#13;\n<\/li>&#13;\n \t<li data-start=\"1673\" data-end=\"1752\">&#13;\n<p data-start=\"1675\" data-end=\"1752\">Tiedot, jotka k\u00e4ytt\u00e4j\u00e4 antaa tilausten tai s\u00e4hk\u00f6posti-ilmoitusten yhteydess\u00e4;<\/p>&#13;\n<\/li>&#13;\n \t<li data-start=\"1753\" data-end=\"1818\">&#13;\n<p data-start=\"1755\" data-end=\"1818\">Muut tiedot, jotka k\u00e4ytt\u00e4j\u00e4 sy\u00f6tt\u00e4\u00e4 Adore Silkin verkkosivulle.<\/p>&#13;\n<\/li>&#13;\n<\/ul><br\/><p data-start=\"1820\" data-end=\"1884\">Verkkokaupan vierailujen yhteydess\u00e4 ker\u00e4t\u00e4\u00e4n anonyymej\u00e4 tietoja:<\/p><br\/><br\/><ul data-start=\"1885\" data-end=\"2328\">&#13;\n \t<li data-start=\"1885\" data-end=\"2121\">&#13;\n<p data-start=\"1887\" data-end=\"2121\">Tietoa verkkokaupan k\u00e4yt\u00f6st\u00e4 (mm. IP-osoite, maantieteellinen sijainti, selaimen tyyppi ja versio, k\u00e4ytt\u00f6j\u00e4rjestelm\u00e4, viittausl\u00e4hde, vierailun kesto, sivun katselut, sivustolla navigointi, kellonaika ja p\u00e4iv\u00e4m\u00e4\u00e4r\u00e4 sek\u00e4 muu tilasto).<\/p>&#13;\n<\/li>&#13;\n \t<li data-start=\"2122\" data-end=\"2247\">&#13;\n<p data-start=\"2124\" data-end=\"2247\">K\u00e4yt\u00e4mme kolmannen osapuolen palveluita, kuten Google Analytics, Hotjar, Meta Pixel, tietojen ker\u00e4\u00e4miseen ja analysointiin.<\/p>&#13;\n<\/li>&#13;\n \t<li data-start=\"2248\" data-end=\"2328\">&#13;\n<p data-start=\"2250\" data-end=\"2328\">Tietoja k\u00e4ytet\u00e4\u00e4n verkkosivun kehitt\u00e4miseen ja k\u00e4ytt\u00f6kokemuksen parantamiseen.<\/p>&#13;\n<\/li>&#13;\n<\/ul><br\/><p data-start=\"2330\" data-end=\"2510\">Oikeushenkil\u00f6iden tietojen k\u00e4sittelyyn ker\u00e4t\u00e4\u00e4n: yrityksen nimi, rekisterinumero, ALV-numero, osoite, s\u00e4hk\u00f6postiosoitteet, yhteyshenkil\u00f6iden nimet, s\u00e4hk\u00f6postit ja puhelinnumerot.<\/p><br\/><p data-start=\"2512\" data-end=\"2658\">Maksut k\u00e4sittelee <strong data-start=\"2530\" data-end=\"2548\">Maksekeskus AS<\/strong>, joka toimii itsen\u00e4isen\u00e4 rekisterinpit\u00e4j\u00e4n\u00e4 ja v\u00e4litt\u00e4\u00e4 <strong data-start=\"2605\" data-end=\"2623\">Adore Silkille<\/strong> vain tiedon maksun onnistumisesta.<\/p><br\/><p data-start=\"2660\" data-end=\"2691\"><strong>4. Henkil\u00f6tietojen k\u00e4ytt\u00f6<\/strong><\/p><br\/><p data-start=\"2692\" data-end=\"2761\"><strong data-start=\"2692\" data-end=\"2706\">Adore Silk<\/strong> voi k\u00e4ytt\u00e4\u00e4 henkil\u00f6tietojasi seuraaviin tarkoituksiin:<\/p><br\/><br\/><ul data-start=\"2762\" data-end=\"3277\">&#13;\n \t<li data-start=\"2762\" data-end=\"2802\">&#13;\n<p data-start=\"2764\" data-end=\"2802\">Osto- ja myyntisopimuksen t\u00e4ytt\u00e4minen;<\/p>&#13;\n<\/li>&#13;\n \t<li data-start=\"2803\" data-end=\"2844\">&#13;\n<p data-start=\"2805\" data-end=\"2844\">Verkkokaupan hallinta ja mukauttaminen;<\/p>&#13;\n<\/li>&#13;\n \t<li data-start=\"2845\" data-end=\"2891\">&#13;\n<p data-start=\"2847\" data-end=\"2891\">P\u00e4\u00e4syn tarjoaminen verkkokaupan palveluihin;<\/p>&#13;\n<\/li>&#13;\n \t<li data-start=\"2892\" data-end=\"2983\">&#13;\n<p data-start=\"2894\" data-end=\"2983\">Ostettujen tuotteiden l\u00e4hett\u00e4minen (toimitusosoitteen jakaminen logistiikkakumppaneille);<\/p>&#13;\n<\/li>&#13;\n \t<li data-start=\"2984\" data-end=\"3054\">&#13;\n<p data-start=\"2986\" data-end=\"3054\">Ilmoitusten ja laskujen l\u00e4hett\u00e4minen sek\u00e4 maksujen vastaanottaminen;<\/p>&#13;\n<\/li>&#13;\n \t<li data-start=\"3055\" data-end=\"3114\">&#13;\n<p data-start=\"3057\" data-end=\"3114\">Kyselyihin, palautteisiin ja reklamaatioihin vastaaminen;<\/p>&#13;\n<\/li>&#13;\n \t<li data-start=\"3115\" data-end=\"3196\">&#13;\n<p data-start=\"3117\" data-end=\"3196\">Uutuuksista, tarjouksista ja muusta kiinnostavasta tiedottaminen s\u00e4hk\u00f6postitse;<\/p>&#13;\n<\/li>&#13;\n \t<li data-start=\"3197\" data-end=\"3277\">&#13;\n<p data-start=\"3199\" data-end=\"3277\">Ostokokemuksen k\u00e4ytt\u00f6 markkinointi- ja myyntimateriaaleissa luvan perusteella.<\/p>&#13;\n<\/li>&#13;\n<\/ul><br\/><p data-start=\"3279\" data-end=\"3316\"><strong>5. Henkil\u00f6tietojen s\u00e4ilytysaika<\/strong><\/p><br\/><br\/><ul data-start=\"3317\" data-end=\"3623\">&#13;\n \t<li data-start=\"3317\" data-end=\"3388\">&#13;\n<p data-start=\"3319\" data-end=\"3388\">Rekister\u00f6ityneiden kanta-asiakkaiden tiedot s\u00e4ilytet\u00e4\u00e4n toistaiseksi.<\/p>&#13;\n<\/li>&#13;\n \t<li data-start=\"3389\" data-end=\"3454\">&#13;\n<p data-start=\"3391\" data-end=\"3454\">Teknisi\u00e4 verkkosivuston k\u00e4ytt\u00f6tietoja s\u00e4ilytet\u00e4\u00e4n toistaiseksi.<\/p>&#13;\n<\/li>&#13;\n \t<li data-start=\"3455\" data-end=\"3623\">&#13;\n<p data-start=\"3457\" data-end=\"3623\">Henkil\u00f6kohtaisten kyselyjen ja\/tai transaktioiden yhteydess\u00e4 saadut tiedot s\u00e4ilytet\u00e4\u00e4n 7 vuotta viimeisest\u00e4 vuorovaikutuksesta, kirjanpitolain vaatimusten mukaisesti.<\/p>&#13;\n<\/li>&#13;\n<\/ul><br\/><p data-start=\"3625\" data-end=\"3720\">Vuorovaikutus voi sis\u00e4lt\u00e4\u00e4 esim. suoramarkkinointiviestien avaamisen tai linkkien klikkaamisen.<\/p><br\/><p data-start=\"3722\" data-end=\"3765\"><strong>6. Kenelle tietoja voidaan luovuttaa?<\/strong><\/p><br\/><p data-start=\"3766\" data-end=\"4123\"><strong data-start=\"3766\" data-end=\"3780\">Adore Silk<\/strong> on henkil\u00f6tietojen rekisterinpit\u00e4j\u00e4. Tietoja voidaan luovuttaa ilman k\u00e4ytt\u00e4j\u00e4n suostumusta vain laillisesti siihen oikeutetuille viranomaisille (esim. tuomioistuin tai esitutkintaviranomainen).<br data-start=\"3974\" data-end=\"3977\"\/>Asiakkaan tietoja k\u00e4sitell\u00e4\u00e4n luottamuksellisesti, eik\u00e4 oikeutta k\u00e4sitell\u00e4, luovuttaa tai siirt\u00e4\u00e4 tietoja ole muilla kuin asiakkaalla itsell\u00e4\u00e4n.<\/p><br\/><p data-start=\"4125\" data-end=\"4521\"><strong data-start=\"4125\" data-end=\"4139\">Adore Silk<\/strong> voi asiakkaan pyynn\u00f6st\u00e4 tarjota teknist\u00e4 tukea tiedonk\u00e4sittelyyn ilman ett\u00e4 omistajuus tai rekisterinpit\u00e4j\u00e4n vastuu siirtyy.<br data-start=\"4264\" data-end=\"4267\"\/>Jos asiakas on liittynyt kanta-asiakasohjelmaan tai uutiskirjeeseen ja antanut suostumuksensa, voimme jakaa s\u00e4hk\u00f6postiosoitteen yhteisty\u00f6kumppaneille parempaa palvelua varten.<br data-start=\"4442\" data-end=\"4445\"\/>Tietoja voidaan luovuttaa seuraavalle yhteisty\u00f6kumppanille: <strong data-start=\"4505\" data-end=\"4520\">Klaviyo Inc<\/strong>.<\/p><br\/><p data-start=\"4523\" data-end=\"4557\"><strong>7. Oikeudet henkil\u00f6tietoihin<\/strong><\/p><br\/><p data-start=\"4558\" data-end=\"4576\">Sinulla on oikeus:<\/p><br\/><br\/><ul data-start=\"4577\" data-end=\"5228\">&#13;\n \t<li data-start=\"4577\" data-end=\"4651\">&#13;\n<p data-start=\"4579\" data-end=\"4651\">Tarkastella, korjata ja pyyt\u00e4\u00e4 henkil\u00f6tietojesi k\u00e4sittelyn lopettamista.<\/p>&#13;\n<\/li>&#13;\n \t<li data-start=\"4652\" data-end=\"4734\">&#13;\n<p data-start=\"4654\" data-end=\"4734\">Rekister\u00f6itynyt asiakas voi itse muokata tietojaan verkkokaupan k\u00e4ytt\u00e4j\u00e4tiliss\u00e4.<\/p>&#13;\n<\/li>&#13;\n \t<li data-start=\"4735\" data-end=\"4871\">&#13;\n<p data-start=\"4737\" data-end=\"4871\">Jos tiedot eiv\u00e4t ole muokattavissa verkossa, voit tehd\u00e4 pyynn\u00f6n tunnistautumalla. Tiedot annetaan tai korjataan 7 arkip\u00e4iv\u00e4n kuluessa.<\/p>&#13;\n<\/li>&#13;\n \t<li data-start=\"4872\" data-end=\"5040\">&#13;\n<p data-start=\"4874\" data-end=\"5040\">Voit peruuttaa suostumuksen markkinointiviesteihin l\u00e4hett\u00e4m\u00e4ll\u00e4 s\u00e4hk\u00f6postia osoitteeseen: <strong data-start=\"4964\" data-end=\"4987\"><a class=\"cursor-pointer\" rel=\"noopener\" data-start=\"4966\" data-end=\"4985\">adoresiid@gmail.com<\/a><\/strong> tai k\u00e4ytt\u00e4m\u00e4ll\u00e4 uutiskirjeen lopussa olevaa linkki\u00e4.<\/p>&#13;\n<\/li>&#13;\n \t<li data-start=\"5041\" data-end=\"5172\">&#13;\n<p data-start=\"5043\" data-end=\"5172\">Voit vaatia tietojesi k\u00e4sittelyn lopettamista, tietojen poistamista tai julkistamisen est\u00e4mist\u00e4 laillisen perusteen puuttuessa.<\/p>&#13;\n<\/li>&#13;\n \t<li data-start=\"5173\" data-end=\"5228\">&#13;\n<p data-start=\"5175\" data-end=\"5228\">Kirjallinen pyynt\u00f6 k\u00e4sitell\u00e4\u00e4n 3 arkip\u00e4iv\u00e4n kuluessa.<\/p>&#13;\n<\/li>&#13;\n<\/ul><br\/><p data-start=\"5230\" data-end=\"5379\">Jos ep\u00e4ilet oikeuksiasi rikotun, voit ottaa yhteytt\u00e4 <strong data-start=\"5283\" data-end=\"5300\">Adore Silkiin<\/strong>, Viron tietosuojaviranomaiseen (Andmekaitse Inspektsioon) tai tuomioistuimeen.<\/p><br\/><p data-start=\"5381\" data-end=\"5428\"><strong>8. Tietosuojak\u00e4yt\u00e4nn\u00f6n ehdot ja muutokset<\/strong><\/p><br\/><p data-start=\"5429\" data-end=\"5580\">K\u00e4ytt\u00e4m\u00e4ll\u00e4 <strong data-start=\"5441\" data-end=\"5457\">Adore Silkin<\/strong> verkkosivua hyv\u00e4ksyt n\u00e4m\u00e4 tietosuojak\u00e4yt\u00e4nn\u00f6n ehdot. Pid\u00e4t\u00e4mme oikeuden muuttaa ehtoja ja ilmoitamme niist\u00e4 osapuolille.<\/p><br\/><p data-start=\"5582\" data-end=\"5683\">Kaikissa kysymyksiss\u00e4 tai huolissa voit ottaa meihin yhteytt\u00e4 s\u00e4hk\u00f6postitse: <strong data-start=\"5659\" data-end=\"5682\"><a class=\"cursor-pointer\" rel=\"noopener\" data-start=\"5661\" data-end=\"5680\">adoresiid@gmail.com<\/a><\/strong>.<\/p><\/div>\n<\/div>\n","protected":false},"excerpt":{"rendered":"","protected":false},"author":2,"featured_media":1283,"parent":0,"menu_order":0,"comment_status":"closed","ping_status":"closed","template":"","meta":{"_gspb_post_css":".gspb_container-id-gsbp-1d2f3f0{flex-direction:column;box-sizing:border-box}#gspb_container-id-gsbp-1d2f3f0.gspb_container>p:last-of-type{margin-bottom:0}#gspb_container-id-gsbp-1d2f3f0.gspb_container{position:relative;padding:20px}@media (max-width:575.98px){#gspb_container-id-gsbp-1d2f3f0.gspb_container{padding:10px}}#gspb_heading-id-gsbp-3044def,.gspb_text-id-gsbp-2f50e2f{font-family:ct_font_neue__haas,sans-serif;font-weight:500!important;color:#000}#gspb_heading-id-gsbp-3044def{font-size:30px;line-height:30px;text-align:left!important;margin:0}#gspb_heading-id-gsbp-3044def .gsap-g-line{text-align:left!important}.gspb_text-id-gsbp-2f50e2f{font-size:15px;line-height:22px;margin-top:15px!important}","footnotes":""},"class_list":["post-1516","page","type-page","status-publish","has-post-thumbnail","hentry"],"blocksy_meta":{"has_hero_section":"disabled","styles_descriptor":{"styles":{"desktop":"","tablet":"","mobile":""},"google_fonts":[],"version":6}},"_links":{"self":[{"href":"https:\/\/adoresilk.ee\/fi\/wp-json\/wp\/v2\/pages\/1516","targetHints":{"allow":["GET"]}}],"collection":[{"href":"https:\/\/adoresilk.ee\/fi\/wp-json\/wp\/v2\/pages"}],"about":[{"href":"https:\/\/adoresilk.ee\/fi\/wp-json\/wp\/v2\/types\/page"}],"author":[{"embeddable":true,"href":"https:\/\/adoresilk.ee\/fi\/wp-json\/wp\/v2\/users\/2"}],"replies":[{"embeddable":true,"href":"https:\/\/adoresilk.ee\/fi\/wp-json\/wp\/v2\/comments?post=1516"}],"version-history":[{"count":1,"href":"https:\/\/adoresilk.ee\/fi\/wp-json\/wp\/v2\/pages\/1516\/revisions"}],"predecessor-version":[{"id":1517,"href":"https:\/\/adoresilk.ee\/fi\/wp-json\/wp\/v2\/pages\/1516\/revisions\/1517"}],"wp:featuredmedia":[{"embeddable":true,"href":"https:\/\/adoresilk.ee\/fi\/wp-json\/wp\/v2\/media\/1283"}],"wp:attachment":[{"href":"https:\/\/adoresilk.ee\/fi\/wp-json\/wp\/v2\/media?parent=1516"}],"curies":[{"name":"wp","href":"https:\/\/api.w.org\/{rel}","templated":true}]}}