{"id":1498,"date":"2025-05-18T20:07:55","date_gmt":"2025-05-18T20:07:55","guid":{"rendered":"http:\/\/adoresilk.ee\/tavaroiden-toimitus\/"},"modified":"2025-05-22T10:19:39","modified_gmt":"2025-05-22T10:19:39","slug":"tavaroiden-toimitus","status":"publish","type":"page","link":"https:\/\/adoresilk.ee\/fi\/tavaroiden-toimitus\/","title":{"rendered":"Tavaroiden toimitus"},"content":{"rendered":"\n<div class=\"wp-block-greenshift-blocks-container gspb_container gspb_container-gsbp-1d2f3f0\" id=\"gspb_container-id-gsbp-1d2f3f0\">\n<h2 id=\"gspb_heading-id-gsbp-3044def\" class=\"gspb_heading gspb_heading-id-gsbp-3044def \">Tavaroiden toimitus<\/h2>\n\n\n\n<div id=\"gspb_text-id-gsbp-2f50e2f\" class=\"gspb_text gspb_text-id-gsbp-2f50e2f \"><strong>Toimitusehdot<\/strong><br\/>Tavarat l\u00e4hetet\u00e4\u00e4n seuraaviin maihin: Viro, Suomi, Latvia, Liettua<br\/>Ostajalla on seuraavat vaihtoehdot tavaran vastaanottamiseen: <em>Itella Estonia O\u00dc:n ja Omniva AS:n pakettiautomaatit.<\/em><br\/>Tavaran toimituskustannuksista vastaa ostaja, ja vastaavat hintatiedot n\u00e4kyv\u00e4t toimitustavan yhteydess\u00e4.<br\/>Viron sis\u00e4iset l\u00e4hetykset saapuvat ostajan ilmoittamaan m\u00e4\u00e4r\u00e4np\u00e4\u00e4h\u00e4n tavallisesti 1-5 arkip\u00e4iv\u00e4n kuluessa kauppasopimuksen voimaantulop\u00e4iv\u00e4st\u00e4. <br\/>Poikkeustapauksissa my\u00f6nnet\u00e4\u00e4n oikeus toimittaa tavarat 30 kalenterip\u00e4iv\u00e4n kuluessa.<br\/>Jos asiakkaan tilaamaa tavaraa ei voida toimittaa sopimuksessa sovittuna ajankohtana tai sopimuksessa sovitulla tavalla, asiakkaalle ilmoitetaan asiasta mahdollisimman pian ja tarjotaan sopivaa vaihtoehtoista ratkaisua tai kauppahinnan palautusta 14 ty\u00f6p\u00e4iv\u00e4n kuluessa.<br\/><br\/>Verkkokauppa ei vastaa virheist\u00e4, jotka ilmenev\u00e4t sen j\u00e4lkeen, kun tavara on toimitettu ostajalle.<\/div>\n<\/div>\n","protected":false},"excerpt":{"rendered":"","protected":false},"author":2,"featured_media":0,"parent":0,"menu_order":0,"comment_status":"closed","ping_status":"closed","template":"","meta":{"_gspb_post_css":".gspb_container-id-gsbp-1d2f3f0{flex-direction:column;box-sizing:border-box}#gspb_container-id-gsbp-1d2f3f0.gspb_container>p:last-of-type{margin-bottom:0}#gspb_container-id-gsbp-1d2f3f0.gspb_container{position:relative;padding:20px}@media (max-width:575.98px){#gspb_container-id-gsbp-1d2f3f0.gspb_container{padding:10px}}#gspb_heading-id-gsbp-3044def,.gspb_text-id-gsbp-2f50e2f{font-family:ct_font_neue__haas,sans-serif;font-weight:500!important;color:#000}#gspb_heading-id-gsbp-3044def{font-size:30px;line-height:30px;text-align:left!important;margin:0}#gspb_heading-id-gsbp-3044def .gsap-g-line{text-align:left!important}.gspb_text-id-gsbp-2f50e2f{font-size:15px;line-height:22px;margin-top:15px!important}","footnotes":""},"class_list":["post-1498","page","type-page","status-publish","hentry"],"blocksy_meta":{"has_hero_section":"disabled","styles_descriptor":{"styles":{"desktop":"","tablet":"","mobile":""},"google_fonts":[],"version":6}},"_links":{"self":[{"href":"https:\/\/adoresilk.ee\/fi\/wp-json\/wp\/v2\/pages\/1498","targetHints":{"allow":["GET"]}}],"collection":[{"href":"https:\/\/adoresilk.ee\/fi\/wp-json\/wp\/v2\/pages"}],"about":[{"href":"https:\/\/adoresilk.ee\/fi\/wp-json\/wp\/v2\/types\/page"}],"author":[{"embeddable":true,"href":"https:\/\/adoresilk.ee\/fi\/wp-json\/wp\/v2\/users\/2"}],"replies":[{"embeddable":true,"href":"https:\/\/adoresilk.ee\/fi\/wp-json\/wp\/v2\/comments?post=1498"}],"version-history":[{"count":1,"href":"https:\/\/adoresilk.ee\/fi\/wp-json\/wp\/v2\/pages\/1498\/revisions"}],"predecessor-version":[{"id":1499,"href":"https:\/\/adoresilk.ee\/fi\/wp-json\/wp\/v2\/pages\/1498\/revisions\/1499"}],"wp:attachment":[{"href":"https:\/\/adoresilk.ee\/fi\/wp-json\/wp\/v2\/media?parent=1498"}],"curies":[{"name":"wp","href":"https:\/\/api.w.org\/{rel}","templated":true}]}}